{"id":14317,"date":"2026-02-26T04:34:57","date_gmt":"2026-02-26T03:34:57","guid":{"rendered":"https:\/\/rowermax.shop\/ro64\/produkt\/rower-gorski-olpran-culex-24-shimano-2\/"},"modified":"2026-02-26T04:34:58","modified_gmt":"2026-02-26T03:34:58","slug":"rower-gorski-olpran-culex-24-shimano-2","status":"publish","type":"product","link":"https:\/\/zelmari.shop\/ro64\/produkt\/rower-gorski-olpran-culex-24-shimano-2\/","title":{"rendered":"ROWER G\u00d3RSKI OLPRAN CULEX 24&quot; , SHIMANO"},"content":{"rendered":"<div style=\"font-family: Arial, sans-serif; line-height: 1.6; color: #333; padding: 20px; clear: both; display: block; width: 100%; float: none; position: static; overflow: hidden;\">\n<div style=\"clear: both; display: block; margin: 10px 0;\">\n<div style=\"clear: both; display: block; margin: 10px 0;\">\n<div style=\"clear: both; display: block; margin: 10px 0;\">\n<div  style=\"max-width:225px;max-height:225px\">\n<div style=\"clear: both; display: block; margin: 10px 0;\">\n<div style=\"clear: both; width: 100%; display: block; margin: 20px 0; padding: 0; float: none; position: static; text-align: center;\"><img decoding=\"async\"  src=\"https:\/\/a.allegroimg.com\/original\/11be91\/62a0bf0e4971bab7c48820f6a343\/ROWER-GORSKI-OLPRAN-CULEX-24-SHIMANO-Plec-produkt-uniseks\" srcset=\"https:\/\/a.allegroimg.com\/original\/11be91\/62a0bf0e4971bab7c48820f6a343\/ROWER-GORSKI-OLPRAN-CULEX-24-SHIMANO-Plec-produkt-uniseks 225w,https:\/\/a.allegroimg.com\/original\/11be91\/62a0bf0e4971bab7c48820f6a343\/ROWER-GORSKI-OLPRAN-CULEX-24-SHIMANO-Plec-produkt-uniseks 225w\" sizes=\"100vw\" width=\"225px\" alt=\"ROWER G\u00d3RSKI OLPRAN CULEX 24&amp;quot; , SHIMANO P\u0142e\u0107 produkt uniseks\" style=\"max-width: 100%; height: auto; display: block; margin: 0 auto;\"><\/div>\n<\/div>\n<\/div>\n<\/div>\n<\/div>\n<\/div>\n<div style=\"clear: both; display: block; margin: 10px 0;\">\n<div style=\"clear: both; display: block; margin: 10px 0;\">\n<div style=\"clear: both; display: block; margin: 10px 0;\">\n<div  style=\"max-width:2560px;max-height:1698px\">\n<div style=\"clear: both; display: block; margin: 10px 0;\">\n<div style=\"clear: both; width: 100%; display: block; margin: 20px 0; padding: 0; float: none; position: static; text-align: center;\"><img decoding=\"async\"  src=\"https:\/\/a.allegroimg.com\/original\/11c9c2\/eca3270144dab8e18b6da9406524\/ROWER-GORSKI-OLPRAN-CULEX-24-SHIMANO-Kolor-niebieski\" srcset=\"https:\/\/a.allegroimg.com\/original\/11c9c2\/eca3270144dab8e18b6da9406524\/ROWER-GORSKI-OLPRAN-CULEX-24-SHIMANO-Kolor-niebieski 360w,https:\/\/a.allegroimg.com\/original\/11c9c2\/eca3270144dab8e18b6da9406524\/ROWER-GORSKI-OLPRAN-CULEX-24-SHIMANO-Kolor-niebieski 720w,https:\/\/a.allegroimg.com\/original\/11c9c2\/eca3270144dab8e18b6da9406524\/ROWER-GORSKI-OLPRAN-CULEX-24-SHIMANO-Kolor-niebieski 1024w,https:\/\/a.allegroimg.com\/original\/11c9c2\/eca3270144dab8e18b6da9406524\/ROWER-GORSKI-OLPRAN-CULEX-24-SHIMANO-Kolor-niebieski 1440w,https:\/\/a.allegroimg.com\/original\/11c9c2\/eca3270144dab8e18b6da9406524\/ROWER-GORSKI-OLPRAN-CULEX-24-SHIMANO-Kolor-niebieski 2560w\" sizes=\"(min-width: 1200px) 560px, (min-width: 992px) 50vw, 100vw\" width=\"2560px\" alt=\"ROWER G\u00d3RSKI OLPRAN CULEX 24&amp;quot; , SHIMANO Kolor niebieski\" style=\"max-width: 100%; height: auto; display: block; margin: 0 auto;\"><\/div>\n<\/div>\n<\/div>\n<\/div>\n<\/div>\n<div style=\"clear: both; display: block; margin: 10px 0;\">\n<div style=\"clear: both; display: block; margin: 10px 0;\">\n<h1>ROWER OLPRAN CULEX 24&#8243;<\/h1>\n<h3 style=\"color: #2c5aa0; font-size: 18px; margin: 30px 0 15px 0; font-weight: bold; clear: both; display: block; width: 100%; float: none; position: static;\">SPECYFIKACJA:<\/h3>\n<ul style=\"margin: 15px 0; padding-left: 20px; clear: both; display: block; width: 100%; float: none; position: static;\">\n<li style=\"margin: 5px 0; padding: 2px 0; clear: both; display: list-item; float: none; position: static;\">Rama: &#8211; 15&#8243; amortyzowana<\/li>\n<li style=\"margin: 5px 0; padding: 2px 0; clear: both; display: list-item; float: none; position: static;\">Manetki&nbsp; &#8211; Shimano SIS 3&#215;6<\/li>\n<li style=\"margin: 5px 0; padding: 2px 0; clear: both; display: list-item; float: none; position: static;\">Przerzutka ty\u0142 &#8211; Shimano Tourney<\/li>\n<li style=\"margin: 5px 0; padding: 2px 0; clear: both; display: list-item; float: none; position: static;\">Ilo\u015b\u0107 bieg\u00f3w &#8211; 18<\/li>\n<li style=\"margin: 5px 0; padding: 2px 0; clear: both; display: list-item; float: none; position: static;\">Kaseta \/ wolnobieg &#8211; Shimano<\/li>\n<li style=\"margin: 5px 0; padding: 2px 0; clear: both; display: list-item; float: none; position: static;\">Opony &#8211; 24 &#8222;x 2,1<\/li>\n<li style=\"margin: 5px 0; padding: 2px 0; clear: both; display: list-item; float: none; position: static;\">Hamulec prz\u00f3d \/ ty\u0142 -tarczowy hydrauliczny\/ V-brake<\/li>\n<li style=\"margin: 5px 0; padding: 2px 0; clear: both; display: list-item; float: none; position: static;\">Widelec &#8211; przedni amortyzowany<\/li>\n<li style=\"margin: 5px 0; padding: 2px 0; clear: both; display: list-item; float: none; position: static;\">Obr\u0119cze &#8211; aluminiowe<\/li>\n<li style=\"margin: 5px 0; padding: 2px 0; clear: both; display: list-item; float: none; position: static;\">Waga roweru &#8211; 15 kg<\/li>\n<li style=\"margin: 5px 0; padding: 2px 0; clear: both; display: list-item; float: none; position: static;\">Wyposa\u017cenie dodatkowe: Stopka, odblaski<\/li>\n<li style=\"margin: 5px 0; padding: 2px 0; clear: both; display: list-item; float: none; position: static;\">Kolor &#8211; niebiesko czerwony<\/li>\n<\/ul>\n<p style=\"margin: 15px 0; line-height: 1.8; clear: both; display: block; width: 100%; float: none; position: static;\">Rower odpowiedni na wzrost 130 &#8211; 155 cm<\/p>\n<\/div>\n<\/div>\n<\/div>\n<div style=\"clear: both; display: block; margin: 10px 0;\">\n<div style=\"clear: both; display: block; margin: 10px 0;\">\n<div style=\"clear: both; display: block; margin: 10px 0;\">\n<div  style=\"max-width:2560px;max-height:1653px\">\n<div style=\"clear: both; display: block; margin: 10px 0;\">\n<div style=\"clear: both; width: 100%; display: block; margin: 20px 0; padding: 0; float: none; position: static; text-align: center;\"><img decoding=\"async\"  src=\"https:\/\/a.allegroimg.com\/original\/115352\/ac78746f4004a8a87dc6eae8668a\/ROWER-GORSKI-OLPRAN-CULEX-24-SHIMANO\" srcset=\"https:\/\/a.allegroimg.com\/original\/115352\/ac78746f4004a8a87dc6eae8668a\/ROWER-GORSKI-OLPRAN-CULEX-24-SHIMANO 360w,https:\/\/a.allegroimg.com\/original\/115352\/ac78746f4004a8a87dc6eae8668a\/ROWER-GORSKI-OLPRAN-CULEX-24-SHIMANO 720w,https:\/\/a.allegroimg.com\/original\/115352\/ac78746f4004a8a87dc6eae8668a\/ROWER-GORSKI-OLPRAN-CULEX-24-SHIMANO 1024w,https:\/\/a.allegroimg.com\/original\/115352\/ac78746f4004a8a87dc6eae8668a\/ROWER-GORSKI-OLPRAN-CULEX-24-SHIMANO 1440w,https:\/\/a.allegroimg.com\/original\/115352\/ac78746f4004a8a87dc6eae8668a\/ROWER-GORSKI-OLPRAN-CULEX-24-SHIMANO 2560w\" sizes=\"100vw\" width=\"2560px\" alt=\"ROWER G\u00d3RSKI OLPRAN CULEX 24&amp;quot; , SHIMANO\" style=\"max-width: 100%; height: auto; display: block; margin: 0 auto;\"><\/div>\n<\/div>\n<\/div>\n<\/div>\n<\/div>\n<\/div>\n<div style=\"clear: both; display: block; margin: 10px 0;\">\n<div style=\"clear: both; display: block; margin: 10px 0;\">\n<div style=\"clear: both; display: block; margin: 10px 0;\">\n<div  style=\"max-width:2560px;max-height:1854px\">\n<div style=\"clear: both; display: block; margin: 10px 0;\">\n<div style=\"clear: both; width: 100%; display: block; margin: 20px 0; padding: 0; float: none; position: static; text-align: center;\"><img decoding=\"async\"  src=\"https:\/\/a.allegroimg.com\/original\/115ba0\/edde22d34d62b8d486e411767750\/ROWER-GORSKI-OLPRAN-CULEX-24-SHIMANO-Stopien-zlozenia-wstepnie-zlozony-wyregulowany\" srcset=\"https:\/\/a.allegroimg.com\/original\/115ba0\/edde22d34d62b8d486e411767750\/ROWER-GORSKI-OLPRAN-CULEX-24-SHIMANO-Stopien-zlozenia-wstepnie-zlozony-wyregulowany 360w,https:\/\/a.allegroimg.com\/original\/115ba0\/edde22d34d62b8d486e411767750\/ROWER-GORSKI-OLPRAN-CULEX-24-SHIMANO-Stopien-zlozenia-wstepnie-zlozony-wyregulowany 720w,https:\/\/a.allegroimg.com\/original\/115ba0\/edde22d34d62b8d486e411767750\/ROWER-GORSKI-OLPRAN-CULEX-24-SHIMANO-Stopien-zlozenia-wstepnie-zlozony-wyregulowany 1024w,https:\/\/a.allegroimg.com\/original\/115ba0\/edde22d34d62b8d486e411767750\/ROWER-GORSKI-OLPRAN-CULEX-24-SHIMANO-Stopien-zlozenia-wstepnie-zlozony-wyregulowany 1440w,https:\/\/a.allegroimg.com\/original\/115ba0\/edde22d34d62b8d486e411767750\/ROWER-GORSKI-OLPRAN-CULEX-24-SHIMANO-Stopien-zlozenia-wstepnie-zlozony-wyregulowany 2560w\" sizes=\"(min-width: 1200px) 560px, (min-width: 992px) 50vw, 100vw\" width=\"2560px\" alt=\"ROWER G\u00d3RSKI OLPRAN CULEX 24&amp;quot; , SHIMANO Stopie\u0144 z\u0142o\u017cenia wst\u0119pnie z\u0142o\u017cony, wyregulowany\" style=\"max-width: 100%; height: auto; display: block; margin: 0 auto;\"><\/div>\n<\/div>\n<\/div>\n<\/div>\n<\/div>\n<div style=\"clear: both; display: block; margin: 10px 0;\">\n<div style=\"clear: both; display: block; margin: 10px 0;\">\n<div  style=\"max-width:2560px;max-height:1714px\">\n<div style=\"clear: both; display: block; margin: 10px 0;\">\n<div style=\"clear: both; width: 100%; display: block; margin: 20px 0; padding: 0; float: none; position: static; text-align: center;\"><img decoding=\"async\"  src=\"https:\/\/a.allegroimg.com\/original\/1160b2\/183cec3347949fbcd22c77ceaa36\/ROWER-GORSKI-OLPRAN-CULEX-24-SHIMANO-Kod-producenta-XX3411\" srcset=\"https:\/\/a.allegroimg.com\/original\/1160b2\/183cec3347949fbcd22c77ceaa36\/ROWER-GORSKI-OLPRAN-CULEX-24-SHIMANO-Kod-producenta-XX3411 360w,https:\/\/a.allegroimg.com\/original\/1160b2\/183cec3347949fbcd22c77ceaa36\/ROWER-GORSKI-OLPRAN-CULEX-24-SHIMANO-Kod-producenta-XX3411 720w,https:\/\/a.allegroimg.com\/original\/1160b2\/183cec3347949fbcd22c77ceaa36\/ROWER-GORSKI-OLPRAN-CULEX-24-SHIMANO-Kod-producenta-XX3411 1024w,https:\/\/a.allegroimg.com\/original\/1160b2\/183cec3347949fbcd22c77ceaa36\/ROWER-GORSKI-OLPRAN-CULEX-24-SHIMANO-Kod-producenta-XX3411 1440w,https:\/\/a.allegroimg.com\/original\/1160b2\/183cec3347949fbcd22c77ceaa36\/ROWER-GORSKI-OLPRAN-CULEX-24-SHIMANO-Kod-producenta-XX3411 2560w\" sizes=\"(min-width: 1200px) 560px, (min-width: 992px) 50vw, 100vw\" width=\"2560px\" alt=\"ROWER G\u00d3RSKI OLPRAN CULEX 24&amp;quot; , SHIMANO Kod producenta XX3411\" style=\"max-width: 100%; height: auto; display: block; margin: 0 auto;\"><\/div>\n<\/div>\n<\/div>\n<\/div>\n<\/div>\n<\/div>\n<div style=\"clear: both; display: block; margin: 10px 0;\">\n<div style=\"clear: both; display: block; margin: 10px 0;\">\n<div style=\"clear: both; display: block; margin: 10px 0;\">\n<div  style=\"max-width:2560px;max-height:1912px\">\n<div style=\"clear: both; display: block; margin: 10px 0;\">\n<div style=\"clear: both; width: 100%; display: block; margin: 20px 0; padding: 0; float: none; position: static; text-align: center;\"><img decoding=\"async\"  src=\"https:\/\/a.allegroimg.com\/original\/11a768\/450183b64833bd3bfd1419bb3de2\/ROWER-GORSKI-OLPRAN-CULEX-24-SHIMANO-Marka-Olpran\" srcset=\"https:\/\/a.allegroimg.com\/original\/11a768\/450183b64833bd3bfd1419bb3de2\/ROWER-GORSKI-OLPRAN-CULEX-24-SHIMANO-Marka-Olpran 360w,https:\/\/a.allegroimg.com\/original\/11a768\/450183b64833bd3bfd1419bb3de2\/ROWER-GORSKI-OLPRAN-CULEX-24-SHIMANO-Marka-Olpran 720w,https:\/\/a.allegroimg.com\/original\/11a768\/450183b64833bd3bfd1419bb3de2\/ROWER-GORSKI-OLPRAN-CULEX-24-SHIMANO-Marka-Olpran 1024w,https:\/\/a.allegroimg.com\/original\/11a768\/450183b64833bd3bfd1419bb3de2\/ROWER-GORSKI-OLPRAN-CULEX-24-SHIMANO-Marka-Olpran 1440w,https:\/\/a.allegroimg.com\/original\/11a768\/450183b64833bd3bfd1419bb3de2\/ROWER-GORSKI-OLPRAN-CULEX-24-SHIMANO-Marka-Olpran 2560w\" sizes=\"(min-width: 1200px) 560px, (min-width: 992px) 50vw, 100vw\" width=\"2560px\" alt=\"ROWER G\u00d3RSKI OLPRAN CULEX 24&amp;quot; , SHIMANO Marka Olpran\" style=\"max-width: 100%; height: auto; display: block; margin: 0 auto;\"><\/div>\n<\/div>\n<\/div>\n<\/div>\n<\/div>\n<div style=\"clear: both; display: block; margin: 10px 0;\">\n<div style=\"clear: both; display: block; margin: 10px 0;\">\n<div  style=\"max-width:2560px;max-height:1134px\">\n<div style=\"clear: both; display: block; margin: 10px 0;\">\n<div style=\"clear: both; width: 100%; display: block; margin: 20px 0; padding: 0; float: none; position: static; text-align: center;\"><img decoding=\"async\"  src=\"https:\/\/a.allegroimg.com\/original\/111bcb\/d259edfc4f159d3965d94743e4ad\/ROWER-GORSKI-OLPRAN-CULEX-24-SHIMANO-Model-CULEX\" srcset=\"https:\/\/a.allegroimg.com\/original\/111bcb\/d259edfc4f159d3965d94743e4ad\/ROWER-GORSKI-OLPRAN-CULEX-24-SHIMANO-Model-CULEX 360w,https:\/\/a.allegroimg.com\/original\/111bcb\/d259edfc4f159d3965d94743e4ad\/ROWER-GORSKI-OLPRAN-CULEX-24-SHIMANO-Model-CULEX 720w,https:\/\/a.allegroimg.com\/original\/111bcb\/d259edfc4f159d3965d94743e4ad\/ROWER-GORSKI-OLPRAN-CULEX-24-SHIMANO-Model-CULEX 1024w,https:\/\/a.allegroimg.com\/original\/111bcb\/d259edfc4f159d3965d94743e4ad\/ROWER-GORSKI-OLPRAN-CULEX-24-SHIMANO-Model-CULEX 1440w,https:\/\/a.allegroimg.com\/original\/111bcb\/d259edfc4f159d3965d94743e4ad\/ROWER-GORSKI-OLPRAN-CULEX-24-SHIMANO-Model-CULEX 2560w\" sizes=\"(min-width: 1200px) 560px, (min-width: 992px) 50vw, 100vw\" width=\"2560px\" alt=\"ROWER G\u00d3RSKI OLPRAN CULEX 24&amp;quot; , SHIMANO Model CULEX\" style=\"max-width: 100%; height: auto; display: block; margin: 0 auto;\"><\/div>\n<\/div>\n<\/div>\n<\/div>\n<\/div>\n<\/div>\n<div style=\"clear: both; display: block; margin: 10px 0;\">\n<div style=\"clear: both; display: block; margin: 10px 0;\">\n<div style=\"clear: both; display: block; margin: 10px 0;\">\n<div  style=\"max-width:2560px;max-height:2128px\">\n<div style=\"clear: both; display: block; margin: 10px 0;\">\n<div style=\"clear: both; width: 100%; display: block; margin: 20px 0; padding: 0; float: none; position: static; text-align: center;\"><img decoding=\"async\"  src=\"https:\/\/a.allegroimg.com\/original\/11c956\/0d9b7f81412895b099743864fa74\/ROWER-GORSKI-OLPRAN-CULEX-24-SHIMANO-Rozmiar-ramy-15-cali\" srcset=\"https:\/\/a.allegroimg.com\/original\/11c956\/0d9b7f81412895b099743864fa74\/ROWER-GORSKI-OLPRAN-CULEX-24-SHIMANO-Rozmiar-ramy-15-cali 360w,https:\/\/a.allegroimg.com\/original\/11c956\/0d9b7f81412895b099743864fa74\/ROWER-GORSKI-OLPRAN-CULEX-24-SHIMANO-Rozmiar-ramy-15-cali 720w,https:\/\/a.allegroimg.com\/original\/11c956\/0d9b7f81412895b099743864fa74\/ROWER-GORSKI-OLPRAN-CULEX-24-SHIMANO-Rozmiar-ramy-15-cali 1024w,https:\/\/a.allegroimg.com\/original\/11c956\/0d9b7f81412895b099743864fa74\/ROWER-GORSKI-OLPRAN-CULEX-24-SHIMANO-Rozmiar-ramy-15-cali 1440w,https:\/\/a.allegroimg.com\/original\/11c956\/0d9b7f81412895b099743864fa74\/ROWER-GORSKI-OLPRAN-CULEX-24-SHIMANO-Rozmiar-ramy-15-cali 2560w\" sizes=\"(min-width: 1200px) 560px, (min-width: 992px) 50vw, 100vw\" width=\"2560px\" alt=\"ROWER G\u00d3RSKI OLPRAN CULEX 24&amp;quot; , SHIMANO Rozmiar ramy 15 cali\" style=\"max-width: 100%; height: auto; display: block; margin: 0 auto;\"><\/div>\n<\/div>\n<\/div>\n<\/div>\n<\/div>\n<div style=\"clear: both; display: block; margin: 10px 0;\">\n<div style=\"clear: both; display: block; margin: 10px 0;\">\n<div  style=\"max-width:2560px;max-height:1927px\">\n<div style=\"clear: both; display: block; margin: 10px 0;\">\n<div style=\"clear: both; width: 100%; display: block; margin: 20px 0; padding: 0; float: none; position: static; text-align: center;\"><img decoding=\"async\"  src=\"https:\/\/a.allegroimg.com\/original\/11d855\/b96f63e441be99c9741bdd050ae0\/ROWER-GORSKI-OLPRAN-CULEX-24-SHIMANO-Rozmiar-kola-24\" srcset=\"https:\/\/a.allegroimg.com\/original\/11d855\/b96f63e441be99c9741bdd050ae0\/ROWER-GORSKI-OLPRAN-CULEX-24-SHIMANO-Rozmiar-kola-24 360w,https:\/\/a.allegroimg.com\/original\/11d855\/b96f63e441be99c9741bdd050ae0\/ROWER-GORSKI-OLPRAN-CULEX-24-SHIMANO-Rozmiar-kola-24 720w,https:\/\/a.allegroimg.com\/original\/11d855\/b96f63e441be99c9741bdd050ae0\/ROWER-GORSKI-OLPRAN-CULEX-24-SHIMANO-Rozmiar-kola-24 1024w,https:\/\/a.allegroimg.com\/original\/11d855\/b96f63e441be99c9741bdd050ae0\/ROWER-GORSKI-OLPRAN-CULEX-24-SHIMANO-Rozmiar-kola-24 1440w,https:\/\/a.allegroimg.com\/original\/11d855\/b96f63e441be99c9741bdd050ae0\/ROWER-GORSKI-OLPRAN-CULEX-24-SHIMANO-Rozmiar-kola-24 2560w\" sizes=\"(min-width: 1200px) 560px, (min-width: 992px) 50vw, 100vw\" width=\"2560px\" alt=\"ROWER G\u00d3RSKI OLPRAN CULEX 24&amp;quot; , SHIMANO Rozmiar ko\u0142a (&quot;) 24\" style=\"max-width: 100%; height: auto; display: block; margin: 0 auto;\"><\/div>\n<\/div>\n<\/div>\n<\/div>\n<\/div>\n<\/div>\n<div style=\"clear: both; display: block; margin: 10px 0;\">\n<div style=\"clear: both; display: block; margin: 10px 0;\">\n<div style=\"clear: both; display: block; margin: 10px 0;\">\n<div  style=\"max-width:2560px;max-height:1591px\">\n<div style=\"clear: both; display: block; margin: 10px 0;\">\n<div style=\"clear: both; width: 100%; display: block; margin: 20px 0; padding: 0; float: none; position: static; text-align: center;\"><img decoding=\"async\"  src=\"https:\/\/a.allegroimg.com\/original\/113663\/8ffb10804c94b6b999d28213c6e6\/ROWER-GORSKI-OLPRAN-CULEX-24-SHIMANO-Liczba-biegow-18\" srcset=\"https:\/\/a.allegroimg.com\/original\/113663\/8ffb10804c94b6b999d28213c6e6\/ROWER-GORSKI-OLPRAN-CULEX-24-SHIMANO-Liczba-biegow-18 360w,https:\/\/a.allegroimg.com\/original\/113663\/8ffb10804c94b6b999d28213c6e6\/ROWER-GORSKI-OLPRAN-CULEX-24-SHIMANO-Liczba-biegow-18 720w,https:\/\/a.allegroimg.com\/original\/113663\/8ffb10804c94b6b999d28213c6e6\/ROWER-GORSKI-OLPRAN-CULEX-24-SHIMANO-Liczba-biegow-18 1024w,https:\/\/a.allegroimg.com\/original\/113663\/8ffb10804c94b6b999d28213c6e6\/ROWER-GORSKI-OLPRAN-CULEX-24-SHIMANO-Liczba-biegow-18 1440w,https:\/\/a.allegroimg.com\/original\/113663\/8ffb10804c94b6b999d28213c6e6\/ROWER-GORSKI-OLPRAN-CULEX-24-SHIMANO-Liczba-biegow-18 2560w\" sizes=\"(min-width: 1200px) 560px, (min-width: 992px) 50vw, 100vw\" width=\"2560px\" alt=\"ROWER G\u00d3RSKI OLPRAN CULEX 24&amp;quot; , SHIMANO Liczba bieg\u00f3w 18\" style=\"max-width: 100%; height: auto; display: block; margin: 0 auto;\"><\/div>\n<\/div>\n<\/div>\n<\/div>\n<\/div>\n<div style=\"clear: both; display: block; margin: 10px 0;\">\n<div style=\"clear: both; display: block; margin: 10px 0;\">\n<div  style=\"max-width:2560px;max-height:2078px\">\n<div style=\"clear: both; display: block; margin: 10px 0;\">\n<div style=\"clear: both; width: 100%; display: block; margin: 20px 0; padding: 0; float: none; position: static; text-align: center;\"><img decoding=\"async\"  src=\"https:\/\/a.allegroimg.com\/original\/11cff7\/08a4034340f6942fe8c934f32fbd\/ROWER-GORSKI-OLPRAN-CULEX-24-SHIMANO-Material-ramy-stal\" srcset=\"https:\/\/a.allegroimg.com\/original\/11cff7\/08a4034340f6942fe8c934f32fbd\/ROWER-GORSKI-OLPRAN-CULEX-24-SHIMANO-Material-ramy-stal 360w,https:\/\/a.allegroimg.com\/original\/11cff7\/08a4034340f6942fe8c934f32fbd\/ROWER-GORSKI-OLPRAN-CULEX-24-SHIMANO-Material-ramy-stal 720w,https:\/\/a.allegroimg.com\/original\/11cff7\/08a4034340f6942fe8c934f32fbd\/ROWER-GORSKI-OLPRAN-CULEX-24-SHIMANO-Material-ramy-stal 1024w,https:\/\/a.allegroimg.com\/original\/11cff7\/08a4034340f6942fe8c934f32fbd\/ROWER-GORSKI-OLPRAN-CULEX-24-SHIMANO-Material-ramy-stal 1440w,https:\/\/a.allegroimg.com\/original\/11cff7\/08a4034340f6942fe8c934f32fbd\/ROWER-GORSKI-OLPRAN-CULEX-24-SHIMANO-Material-ramy-stal 2560w\" sizes=\"(min-width: 1200px) 560px, (min-width: 992px) 50vw, 100vw\" width=\"2560px\" alt=\"ROWER G\u00d3RSKI OLPRAN CULEX 24&amp;quot; , SHIMANO Materia\u0142 ramy stal\" style=\"max-width: 100%; height: auto; display: block; margin: 0 auto;\"><\/div>\n<\/div>\n<\/div>\n<\/div>\n<\/div>\n<\/div>\n<div style=\"clear: both; display: block; margin: 10px 0;\">\n<div style=\"clear: both; display: block; margin: 10px 0;\">\n<div style=\"clear: both; display: block; margin: 10px 0;\">\n<div  style=\"max-width:2560px;max-height:1704px\">\n<div style=\"clear: both; display: block; margin: 10px 0;\">\n<div style=\"clear: both; width: 100%; display: block; margin: 20px 0; padding: 0; float: none; position: static; text-align: center;\"><img decoding=\"async\"  src=\"https:\/\/a.allegroimg.com\/original\/11110d\/a35e7725444d87fe9023eb4a2916\/ROWER-GORSKI-OLPRAN-CULEX-24-SHIMANO-Amortyzacja-przod-i-tyl\" srcset=\"https:\/\/a.allegroimg.com\/original\/11110d\/a35e7725444d87fe9023eb4a2916\/ROWER-GORSKI-OLPRAN-CULEX-24-SHIMANO-Amortyzacja-przod-i-tyl 360w,https:\/\/a.allegroimg.com\/original\/11110d\/a35e7725444d87fe9023eb4a2916\/ROWER-GORSKI-OLPRAN-CULEX-24-SHIMANO-Amortyzacja-przod-i-tyl 720w,https:\/\/a.allegroimg.com\/original\/11110d\/a35e7725444d87fe9023eb4a2916\/ROWER-GORSKI-OLPRAN-CULEX-24-SHIMANO-Amortyzacja-przod-i-tyl 1024w,https:\/\/a.allegroimg.com\/original\/11110d\/a35e7725444d87fe9023eb4a2916\/ROWER-GORSKI-OLPRAN-CULEX-24-SHIMANO-Amortyzacja-przod-i-tyl 1440w,https:\/\/a.allegroimg.com\/original\/11110d\/a35e7725444d87fe9023eb4a2916\/ROWER-GORSKI-OLPRAN-CULEX-24-SHIMANO-Amortyzacja-przod-i-tyl 2560w\" sizes=\"(min-width: 1200px) 560px, (min-width: 992px) 50vw, 100vw\" width=\"2560px\" alt=\"ROWER G\u00d3RSKI OLPRAN CULEX 24&amp;quot; , SHIMANO Amortyzacja prz\u00f3d i ty\u0142\" style=\"max-width: 100%; height: auto; display: block; margin: 0 auto;\"><\/div>\n<\/div>\n<\/div>\n<\/div>\n<\/div>\n<div style=\"clear: both; display: block; margin: 10px 0;\">\n<div style=\"clear: both; display: block; margin: 10px 0;\">\n<div  style=\"max-width:225px;max-height:225px\">\n<div style=\"clear: both; display: block; margin: 10px 0;\">\n<div style=\"clear: both; width: 100%; display: block; margin: 20px 0; padding: 0; float: none; position: static; text-align: center;\"><img decoding=\"async\"  src=\"https:\/\/a.allegroimg.com\/original\/11be91\/62a0bf0e4971bab7c48820f6a343\/ROWER-GORSKI-OLPRAN-CULEX-24-SHIMANO-Plec-produkt-uniseks\" srcset=\"https:\/\/a.allegroimg.com\/original\/11be91\/62a0bf0e4971bab7c48820f6a343\/ROWER-GORSKI-OLPRAN-CULEX-24-SHIMANO-Plec-produkt-uniseks 225w,https:\/\/a.allegroimg.com\/original\/11be91\/62a0bf0e4971bab7c48820f6a343\/ROWER-GORSKI-OLPRAN-CULEX-24-SHIMANO-Plec-produkt-uniseks 225w\" sizes=\"(min-width: 1200px) 560px, (min-width: 992px) 50vw, 100vw\" width=\"225px\" alt=\"ROWER G\u00d3RSKI OLPRAN CULEX 24&amp;quot; , SHIMANO P\u0142e\u0107 produkt uniseks\" style=\"max-width: 100%; height: auto; display: block; margin: 0 auto;\"><\/div>\n<\/div>\n<\/div>\n<\/div>\n<\/div>\n<\/div>\n<\/div>\n<\/div>\n<\/div>\n<div style=\"clear: both; display: block; margin: 10px 0;\">\n","protected":false},"excerpt":{"rendered":"<p>ROWER OLPRAN CULEX 24&quot;<\/p>\n<p>SPECYFIKACJA:<\/p>\n<p>Rama: &#8211; 15&quot; amortyzowana<\/p>\n<p>Manetki&nbsp; &#8211; Shimano SIS 3&#215;6<\/p>\n<p>Przerzutka ty\u0142 &#8211; Shimano Tourney<\/p>\n<p>Ilo\u015b\u0107 bieg\u00f3w &#8211; 18<\/p>\n<p>Kaseta \/ wolnobieg &#8211; Shimano<\/p>\n<p>Opony &#8211; 24 &quot;x 2,1<\/p>\n","protected":false},"featured_media":14318,"template":"","meta":{"_uag_custom_page_level_css":""},"product_brand":[711],"product_cat":[706,688,687],"product_tag":[],"class_list":{"0":"post-14317","1":"product","2":"type-product","3":"status-publish","4":"has-post-thumbnail","6":"product_brand-olpran","7":"product_cat-junior","8":"product_cat-rowery","9":"product_cat-rowery-i-akcesoria","11":"first","12":"instock","13":"sale","14":"shipping-taxable","15":"purchasable","16":"product-type-simple"},"uagb_featured_image_src":{"full":["https:\/\/zelmari.shop\/ro64\/wp-content\/uploads\/2026\/02\/allegro-image-14317.jpg",2560,1653,false],"thumbnail":["https:\/\/zelmari.shop\/ro64\/wp-content\/uploads\/2026\/02\/allegro-image-14317-150x150.jpg",150,150,true],"medium":["https:\/\/zelmari.shop\/ro64\/wp-content\/uploads\/2026\/02\/allegro-image-14317-300x194.jpg",300,194,true],"medium_large":["https:\/\/zelmari.shop\/ro64\/wp-content\/uploads\/2026\/02\/allegro-image-14317-768x496.jpg",768,496,true],"large":["https:\/\/zelmari.shop\/ro64\/wp-content\/uploads\/2026\/02\/allegro-image-14317-1024x661.jpg",1024,661,true],"1536x1536":["https:\/\/zelmari.shop\/ro64\/wp-content\/uploads\/2026\/02\/allegro-image-14317-1536x992.jpg",1536,992,true],"2048x2048":["https:\/\/zelmari.shop\/ro64\/wp-content\/uploads\/2026\/02\/allegro-image-14317-2048x1322.jpg",2048,1322,true],"woocommerce_thumbnail":["https:\/\/zelmari.shop\/ro64\/wp-content\/uploads\/2026\/02\/allegro-image-14317-300x300.jpg",300,300,true],"woocommerce_single":["https:\/\/zelmari.shop\/ro64\/wp-content\/uploads\/2026\/02\/allegro-image-14317-600x387.jpg",600,387,true],"woocommerce_gallery_thumbnail":["https:\/\/zelmari.shop\/ro64\/wp-content\/uploads\/2026\/02\/allegro-image-14317-100x100.jpg",100,100,true]},"uagb_author_info":{"display_name":"admin","author_link":"https:\/\/zelmari.shop\/ro64\/author\/"},"uagb_comment_info":0,"uagb_excerpt":"ROWER OLPRAN CULEX 24&quot; SPECYFIKACJA: Rama: - 15&quot; amortyzowana Manetki&nbsp; - Shimano SIS 3x6 Przerzutka ty\u0142 - Shimano Tourney Ilo\u015b\u0107 bieg\u00f3w - 18 Kaseta \/ wolnobieg - Shimano Opony - 24 &quot;x 2,1","_links":{"self":[{"href":"https:\/\/zelmari.shop\/ro64\/wp-json\/wp\/v2\/product\/14317","targetHints":{"allow":["GET"]}}],"collection":[{"href":"https:\/\/zelmari.shop\/ro64\/wp-json\/wp\/v2\/product"}],"about":[{"href":"https:\/\/zelmari.shop\/ro64\/wp-json\/wp\/v2\/types\/product"}],"wp:featuredmedia":[{"embeddable":true,"href":"https:\/\/zelmari.shop\/ro64\/wp-json\/wp\/v2\/media\/14318"}],"wp:attachment":[{"href":"https:\/\/zelmari.shop\/ro64\/wp-json\/wp\/v2\/media?parent=14317"}],"wp:term":[{"taxonomy":"product_brand","embeddable":true,"href":"https:\/\/zelmari.shop\/ro64\/wp-json\/wp\/v2\/product_brand?post=14317"},{"taxonomy":"product_cat","embeddable":true,"href":"https:\/\/zelmari.shop\/ro64\/wp-json\/wp\/v2\/product_cat?post=14317"},{"taxonomy":"product_tag","embeddable":true,"href":"https:\/\/zelmari.shop\/ro64\/wp-json\/wp\/v2\/product_tag?post=14317"}],"curies":[{"name":"wp","href":"https:\/\/api.w.org\/{rel}","templated":true}]}}