{"id":14415,"date":"2026-02-26T04:36:14","date_gmt":"2026-02-26T03:36:14","guid":{"rendered":"https:\/\/rowermax.shop\/ro64\/produkt\/rower-26-miejski-kands-giulia-rama-15-bialy-rozowy-r22\/"},"modified":"2026-02-26T04:36:15","modified_gmt":"2026-02-26T03:36:15","slug":"rower-26-miejski-kands-giulia-rama-15-bialy-rozowy-r22","status":"publish","type":"product","link":"https:\/\/zelmari.shop\/ro64\/produkt\/rower-26-miejski-kands-giulia-rama-15-bialy-rozowy-r22\/","title":{"rendered":"ROWER 26&quot; Miejski KANDS GIULIA rama 15&quot; bia\u0142y &#8211; r\u00f3\u017cowy R22"},"content":{"rendered":"<div style=\"font-family: Arial, sans-serif; line-height: 1.6; color: #333; padding: 20px; clear: both; display: block; width: 100%; float: none; position: static; overflow: hidden;\">\n<div style=\"clear: both; display: block; margin: 10px 0;\">\n<div style=\"clear: both; display: block; margin: 10px 0;\">\n<div style=\"clear: both; display: block; margin: 10px 0;\">\n<p style=\"margin: 15px 0; line-height: 1.8; clear: both; display: block; width: 100%; float: none; position: static;\">ROWER 26&#8243; Miejski KANDS GIULIA rama 15&#8243; bia\u0142y &#8211; r\u00f3\u017cowy R22<\/p>\n<\/div>\n<\/div>\n<\/div>\n<div style=\"clear: both; display: block; margin: 10px 0;\">\n<div style=\"clear: both; display: block; margin: 10px 0;\">\n<div style=\"clear: both; display: block; margin: 10px 0;\">\n<div  style=\"max-width:707px;max-height:91px\">\n<div style=\"clear: both; display: block; margin: 10px 0;\">\n<div style=\"clear: both; width: 100%; display: block; margin: 20px 0; padding: 0; float: none; position: static; text-align: center;\"><img decoding=\"async\"  src=\"https:\/\/a.allegroimg.com\/original\/119406\/91ca8a374164adb7f6809a350091\/ROWER-26-Miejski-KANDS-GIULIA-rama-15-bialy-rozowy-R22-Stan-opakowania-oryginalne\" srcset=\"https:\/\/a.allegroimg.com\/original\/119406\/91ca8a374164adb7f6809a350091\/ROWER-26-Miejski-KANDS-GIULIA-rama-15-bialy-rozowy-R22-Stan-opakowania-oryginalne 360w,https:\/\/a.allegroimg.com\/original\/119406\/91ca8a374164adb7f6809a350091\/ROWER-26-Miejski-KANDS-GIULIA-rama-15-bialy-rozowy-R22-Stan-opakowania-oryginalne 707w,https:\/\/a.allegroimg.com\/original\/119406\/91ca8a374164adb7f6809a350091\/ROWER-26-Miejski-KANDS-GIULIA-rama-15-bialy-rozowy-R22-Stan-opakowania-oryginalne 707w\" sizes=\"100vw\" width=\"707px\" alt=\"ROWER 26&amp;quot; Miejski KANDS GIULIA rama 15&amp;quot; bia\u0142y - r\u00f3\u017cowy R22 Stan opakowania oryginalne\" style=\"max-width: 100%; height: auto; display: block; margin: 0 auto;\"><\/div>\n<\/div>\n<\/div>\n<\/div>\n<\/div>\n<\/div>\n<div style=\"clear: both; display: block; margin: 10px 0;\">\n<div style=\"clear: both; display: block; margin: 10px 0;\">\n<div style=\"clear: both; display: block; margin: 10px 0;\">\n<p style=\"margin: 15px 0; line-height: 1.8; clear: both; display: block; width: 100%; float: none; position: static;\"><b>\ud83d\udeb2&nbsp;Kands<\/b> to polska marka rowerowa znana z produkcji solidnych i przyst\u0119pnych cenowo rower\u00f3w miejskich, trekkingowych, g\u00f3rskich, gravelowych, BMX, DIRT ciesz\u0105cych si\u0119 popularno\u015bci\u0105 w\u015br\u00f3d u\u017cytkownik\u00f3w szukaj\u0105cych niezawodnych jedno\u015blad\u00f3w na r\u00f3\u017cne potrzeby produkowanych w Polsce. R\u00f3wnie\u017c jest importerem wielu akcesorii rowerowych.&nbsp;\ud83d\udeb2<\/p>\n<\/div>\n<\/div>\n<\/div>\n<div style=\"clear: both; display: block; margin: 10px 0;\">\n<div style=\"clear: both; display: block; margin: 10px 0;\">\n<div style=\"clear: both; display: block; margin: 10px 0;\">\n<h1>\u2195\ufe0fRama 15&#8243; na wzrost 140 &#8211; 155 cm.<\/h1>\n<p style=\"margin: 15px 0; line-height: 1.8; clear: both; display: block; width: 100%; float: none; position: static;\">&nbsp;<\/p>\n<h2>\u2699\ufe0fSPECYFIKACJA<\/h2>\n<p style=\"margin: 15px 0; line-height: 1.8; clear: both; display: block; width: 100%; float: none; position: static;\">&nbsp;<\/p>\n<p style=\"margin: 15px 0; line-height: 1.8; clear: both; display: block; width: 100%; float: none; position: static;\">\u2705RAMA:<\/p>\n<p style=\"margin: 15px 0; line-height: 1.8; clear: both; display: block; width: 100%; float: none; position: static;\">&nbsp;<\/p>\n<p style=\"margin: 15px 0; line-height: 1.8; clear: both; display: block; width: 100%; float: none; position: static;\">RAMA KANDS STALOWA<\/p>\n<p style=\"margin: 15px 0; line-height: 1.8; clear: both; display: block; width: 100%; float: none; position: static;\">WIDELEC KANDS SZTYWNY<\/p>\n<p style=\"margin: 15px 0; line-height: 1.8; clear: both; display: block; width: 100%; float: none; position: static;\">ROZMIARY 15\u201d<\/p>\n<p style=\"margin: 15px 0; line-height: 1.8; clear: both; display: block; width: 100%; float: none; position: static;\">KOLORY BIA\u0141O-R\u00d3\u017bOWY PO\u0141YSK<\/p>\n<p style=\"margin: 15px 0; line-height: 1.8; clear: both; display: block; width: 100%; float: none; position: static;\">&nbsp;<\/p>\n<p style=\"margin: 15px 0; line-height: 1.8; clear: both; display: block; width: 100%; float: none; position: static;\">\u2705NAP\u0118D:<\/p>\n<p style=\"margin: 15px 0; line-height: 1.8; clear: both; display: block; width: 100%; float: none; position: static;\">&nbsp;<\/p>\n<p style=\"margin: 15px 0; line-height: 1.8; clear: both; display: block; width: 100%; float: none; position: static;\">PRZE\u0141O\u017bENIA 3<\/p>\n<p style=\"margin: 15px 0; line-height: 1.8; clear: both; display: block; width: 100%; float: none; position: static;\">PRZERZUTKA TY\u0141 SHIMANO NEXUS 3BN SM3C41<\/p>\n<p style=\"margin: 15px 0; line-height: 1.8; clear: both; display: block; width: 100%; float: none; position: static;\">MANETKI SHIMANO REVOSHIFT SL3S41<\/p>\n<p style=\"margin: 15px 0; line-height: 1.8; clear: both; display: block; width: 100%; float: none; position: static;\">MECHANIZM KORBOWY SPM4, 1-RZ, 38T L=170 MM<\/p>\n<p style=\"margin: 15px 0; line-height: 1.8; clear: both; display: block; width: 100%; float: none; position: static;\">\u0141A\u0143CUCH TEC Z-410<\/p>\n<p style=\"margin: 15px 0; line-height: 1.8; clear: both; display: block; width: 100%; float: none; position: static;\">Z\u0118BATKA SHIMANO 18-Z<\/p>\n<p style=\"margin: 15px 0; line-height: 1.8; clear: both; display: block; width: 100%; float: none; position: static;\">SUPPORT THUN MASZYNOWY<\/p>\n<p style=\"margin: 15px 0; line-height: 1.8; clear: both; display: block; width: 100%; float: none; position: static;\">&nbsp;<\/p>\n<p style=\"margin: 15px 0; line-height: 1.8; clear: both; display: block; width: 100%; float: none; position: static;\">\u2705KO\u0141A:<\/p>\n<p style=\"margin: 15px 0; line-height: 1.8; clear: both; display: block; width: 100%; float: none; position: static;\">&nbsp;<\/p>\n<p style=\"margin: 15px 0; line-height: 1.8; clear: both; display: block; width: 100%; float: none; position: static;\">ROZMIAR K\u00d3\u0141 26\u201d<\/p>\n<p style=\"margin: 15px 0; line-height: 1.8; clear: both; display: block; width: 100%; float: none; position: static;\">OBR\u0118CZE KANDS DWUKOMOROWE ALUMINIOWE<\/p>\n<p style=\"margin: 15px 0; line-height: 1.8; clear: both; display: block; width: 100%; float: none; position: static;\">PIASTA PRZ\u00d3D STALOWA<\/p>\n<p style=\"margin: 15px 0; line-height: 1.8; clear: both; display: block; width: 100%; float: none; position: static;\">PIASTA TY\u0141 SHIMANO NEXUS 3BN, SM3C41<\/p>\n<p style=\"margin: 15px 0; line-height: 1.8; clear: both; display: block; width: 100%; float: none; position: static;\">OPONY DURO 26 x 1,75<\/p>\n<p style=\"margin: 15px 0; line-height: 1.8; clear: both; display: block; width: 100%; float: none; position: static;\">&nbsp;<\/p>\n<p style=\"margin: 15px 0; line-height: 1.8; clear: both; display: block; width: 100%; float: none; position: static;\">\u2705KOMPONENTY:<\/p>\n<p style=\"margin: 15px 0; line-height: 1.8; clear: both; display: block; width: 100%; float: none; position: static;\">&nbsp;<\/p>\n<p style=\"margin: 15px 0; line-height: 1.8; clear: both; display: block; width: 100%; float: none; position: static;\">HAMULEC PRZ\u00d3D SACCON ALUMINIOWE V-BRAKE<\/p>\n<p style=\"margin: 15px 0; line-height: 1.8; clear: both; display: block; width: 100%; float: none; position: static;\">HAMULEC TY\u0141 NO\u017bNY W PIA\u015aCIE NEXUS<\/p>\n<p style=\"margin: 15px 0; line-height: 1.8; clear: both; display: block; width: 100%; float: none; position: static;\">O\u015aWIETLENIE PRZ\u00d3D LEDOWE ZASILANE BATERYJNIE<\/p>\n<p style=\"margin: 15px 0; line-height: 1.8; clear: both; display: block; width: 100%; float: none; position: static;\">O\u015aWIETLENIE TY\u0141 LEDOWE ZASILANE BATERYJNIE<\/p>\n<p style=\"margin: 15px 0; line-height: 1.8; clear: both; display: block; width: 100%; float: none; position: static;\">STERY NECO GWINTOWANE 1-1\/8<\/p>\n<p style=\"margin: 15px 0; line-height: 1.8; clear: both; display: block; width: 100%; float: none; position: static;\">KIEROWNICA PROFIL MIEJSKI 620 MM<\/p>\n<p style=\"margin: 15px 0; line-height: 1.8; clear: both; display: block; width: 100%; float: none; position: static;\">WSPORNIK KIEROWNICY KLASYCZNY TYPU P<\/p>\n<p style=\"margin: 15px 0; line-height: 1.8; clear: both; display: block; width: 100%; float: none; position: static;\">WSPORNIK SIOD\u0141A SZTYWNY 28,6 MM<\/p>\n<p style=\"margin: 15px 0; line-height: 1.8; clear: both; display: block; width: 100%; float: none; position: static;\">SIOD\u0141O VADER T\u0141UMIENIE ELASTOMER<\/p>\n<p style=\"margin: 15px 0; line-height: 1.8; clear: both; display: block; width: 100%; float: none; position: static;\">PEDA\u0141Y TWORZYWO \u0141O\u017bYSKOWANE ODBLASK<\/p>\n<p style=\"margin: 15px 0; line-height: 1.8; clear: both; display: block; width: 100%; float: none; position: static;\">CHWYTY GUMOWE KRATON<\/p>\n<p style=\"margin: 15px 0; line-height: 1.8; clear: both; display: block; width: 100%; float: none; position: static;\">BAGA\u017bNIK STALOWY RURKOWY<\/p>\n<p style=\"margin: 15px 0; line-height: 1.8; clear: both; display: block; width: 100%; float: none; position: static;\">B\u0141OTNIKI STALOWE KOLOR<\/p>\n<p style=\"margin: 15px 0; line-height: 1.8; clear: both; display: block; width: 100%; float: none; position: static;\">OS\u0141ONA \u0141A\u0143CUCHA PE\u0141NA TWORZYWO PCV<\/p>\n<p style=\"margin: 15px 0; line-height: 1.8; clear: both; display: block; width: 100%; float: none; position: static;\">PODP\u00d3RKA URSUS CENTRALNA ALUMINIOWA<\/p>\n<p style=\"margin: 15px 0; line-height: 1.8; clear: both; display: block; width: 100%; float: none; position: static;\">&nbsp;<\/p>\n<p style=\"margin: 15px 0; line-height: 1.8; clear: both; display: block; width: 100%; float: none; position: static;\">\u2705WAGA:<\/p>\n<p style=\"margin: 15px 0; line-height: 1.8; clear: both; display: block; width: 100%; float: none; position: static;\">&nbsp;<\/p>\n<p style=\"margin: 15px 0; line-height: 1.8; clear: both; display: block; width: 100%; float: none; position: static;\">WAGA 15,60 KG<\/p>\n<\/div>\n<\/div>\n<\/div>\n<div style=\"clear: both; display: block; margin: 10px 0;\">\n<div style=\"clear: both; display: block; margin: 10px 0;\">\n<div style=\"clear: both; display: block; margin: 10px 0;\">\n<p style=\"margin: 15px 0; line-height: 1.8; clear: both; display: block; width: 100%; float: none; position: static;\">\u27a1\ufe0f Cena obejmuje rower w kartonie.<\/p>\n<p style=\"margin: 15px 0; line-height: 1.8; clear: both; display: block; width: 100%; float: none; position: static;\">&nbsp;<\/p>\n<p style=\"margin: 15px 0; line-height: 1.8; clear: both; display: block; width: 100%; float: none; position: static;\">\u27a1\ufe0f Rower jest wst\u0119pnie zmontowany w kartonie i wyregulowany na linii monta\u017cowej producenta. Po zakupie nale\u017cy zamontowa\u0107:<\/p>\n<p style=\"margin: 15px 0; line-height: 1.8; clear: both; display: block; width: 100%; float: none; position: static;\">Peda\u0142y<\/p>\n<p style=\"margin: 15px 0; line-height: 1.8; clear: both; display: block; width: 100%; float: none; position: static;\">Kierownic\u0119<\/p>\n<p style=\"margin: 15px 0; line-height: 1.8; clear: both; display: block; width: 100%; float: none; position: static;\">Ko\u0142o przednie<\/p>\n<p style=\"margin: 15px 0; line-height: 1.8; clear: both; display: block; width: 100%; float: none; position: static;\">Siod\u0142o<\/p>\n<p style=\"margin: 15px 0; line-height: 1.8; clear: both; display: block; width: 100%; float: none; position: static;\">Do monta\u017cu roweru potrzebne b\u0119d\u0105 podstawowe narz\u0119dzia, takie jak klucze imbusowe.<\/p>\n<p style=\"margin: 15px 0; line-height: 1.8; clear: both; display: block; width: 100%; float: none; position: static;\">W instrukcji obs\u0142ugi do\u0142\u0105czonej do roweru znajduj\u0105 si\u0119 informacje na temat monta\u017cu i regulacji.<\/p>\n<\/div>\n<\/div>\n<\/div>\n<div style=\"clear: both; display: block; margin: 10px 0;\">\n<div style=\"clear: both; display: block; margin: 10px 0;\">\n<div style=\"clear: both; display: block; margin: 10px 0;\">\n<div  style=\"max-width:1748px;max-height:1166px\">\n<div style=\"clear: both; display: block; margin: 10px 0;\">\n<div style=\"clear: both; width: 100%; display: block; margin: 20px 0; padding: 0; float: none; position: static; text-align: center;\"><img decoding=\"async\"  src=\"https:\/\/a.allegroimg.com\/original\/11c03f\/517a82f94d3a94b8d7dab93a1841\/ROWER-26-Miejski-KANDS-GIULIA-rama-15-bialy-rozowy-R22\" srcset=\"https:\/\/a.allegroimg.com\/original\/11c03f\/517a82f94d3a94b8d7dab93a1841\/ROWER-26-Miejski-KANDS-GIULIA-rama-15-bialy-rozowy-R22 360w,https:\/\/a.allegroimg.com\/original\/11c03f\/517a82f94d3a94b8d7dab93a1841\/ROWER-26-Miejski-KANDS-GIULIA-rama-15-bialy-rozowy-R22 720w,https:\/\/a.allegroimg.com\/original\/11c03f\/517a82f94d3a94b8d7dab93a1841\/ROWER-26-Miejski-KANDS-GIULIA-rama-15-bialy-rozowy-R22 1024w,https:\/\/a.allegroimg.com\/original\/11c03f\/517a82f94d3a94b8d7dab93a1841\/ROWER-26-Miejski-KANDS-GIULIA-rama-15-bialy-rozowy-R22 1440w,https:\/\/a.allegroimg.com\/original\/11c03f\/517a82f94d3a94b8d7dab93a1841\/ROWER-26-Miejski-KANDS-GIULIA-rama-15-bialy-rozowy-R22 1748w\" sizes=\"100vw\" width=\"1748px\" alt=\"ROWER 26&amp;quot; Miejski KANDS GIULIA rama 15&amp;quot; bia\u0142y - r\u00f3\u017cowy R22\" style=\"max-width: 100%; height: auto; display: block; margin: 0 auto;\"><\/div>\n<\/div>\n<\/div>\n<\/div>\n<\/div>\n<\/div>\n<\/div>\n<\/div>\n<\/div>\n<div style=\"clear: both; display: block; margin: 10px 0;\">\n","protected":false},"excerpt":{"rendered":"<p>ROWER 26&quot; Miejski KANDS GIULIA rama 15&quot; bia\u0142y &#8211; r\u00f3\u017cowy R22<\/p>\n<p>\ud83d\udeb2&nbsp;Kands to polska marka rowerowa znana z produkcji solidnych i przyst\u0119pnych cenowo rower\u00f3w miejskich, trekkingowych, g\u00f3rskich, gravelowych, BMX, DIRT ciesz\u0105cych si\u0119 popularno\u015bci\u0105 w\u015br\u00f3d u\u017cytkownik\u00f3w szukaj\u0105cych niezawodnych jedno\u015blad\u00f3w na r\u00f3\u017cne potrzeby produkowanych w Polsce. R\u00f3wnie\u017c jest importerem wielu akcesorii rowerowych.&nbsp;\ud83d\udeb2<\/p>\n<p>\u2195\ufe0fRama 15&quot; na wzrost 140 &#8211; 155 cm.<\/p>\n<p>&nbsp;<\/p>\n<p>\u2699\ufe0fSPECYFIKACJA<\/p>\n<p>&nbsp;<\/p>\n<p>\u2705RAMA:<\/p>\n<p>&nbsp;<\/p>\n","protected":false},"featured_media":14416,"template":"","meta":{"_uag_custom_page_level_css":""},"product_brand":[722],"product_cat":[714,688,687],"product_tag":[],"class_list":{"0":"post-14415","1":"product","2":"type-product","3":"status-publish","4":"has-post-thumbnail","6":"product_brand-kands","7":"product_cat-miejskie","8":"product_cat-rowery","9":"product_cat-rowery-i-akcesoria","11":"first","12":"instock","13":"sale","14":"shipping-taxable","15":"purchasable","16":"product-type-simple"},"uagb_featured_image_src":{"full":["https:\/\/zelmari.shop\/ro64\/wp-content\/uploads\/2026\/02\/allegro-image-14415.jpg",1748,1166,false],"thumbnail":["https:\/\/zelmari.shop\/ro64\/wp-content\/uploads\/2026\/02\/allegro-image-14415-150x150.jpg",150,150,true],"medium":["https:\/\/zelmari.shop\/ro64\/wp-content\/uploads\/2026\/02\/allegro-image-14415-300x200.jpg",300,200,true],"medium_large":["https:\/\/zelmari.shop\/ro64\/wp-content\/uploads\/2026\/02\/allegro-image-14415-768x512.jpg",768,512,true],"large":["https:\/\/zelmari.shop\/ro64\/wp-content\/uploads\/2026\/02\/allegro-image-14415-1024x683.jpg",1024,683,true],"1536x1536":["https:\/\/zelmari.shop\/ro64\/wp-content\/uploads\/2026\/02\/allegro-image-14415-1536x1025.jpg",1536,1025,true],"2048x2048":["https:\/\/zelmari.shop\/ro64\/wp-content\/uploads\/2026\/02\/allegro-image-14415.jpg",1748,1166,false],"woocommerce_thumbnail":["https:\/\/zelmari.shop\/ro64\/wp-content\/uploads\/2026\/02\/allegro-image-14415-300x300.jpg",300,300,true],"woocommerce_single":["https:\/\/zelmari.shop\/ro64\/wp-content\/uploads\/2026\/02\/allegro-image-14415-600x400.jpg",600,400,true],"woocommerce_gallery_thumbnail":["https:\/\/zelmari.shop\/ro64\/wp-content\/uploads\/2026\/02\/allegro-image-14415-100x100.jpg",100,100,true]},"uagb_author_info":{"display_name":"admin","author_link":"https:\/\/zelmari.shop\/ro64\/author\/"},"uagb_comment_info":0,"uagb_excerpt":"ROWER 26&quot; Miejski KANDS GIULIA rama 15&quot; bia\u0142y - r\u00f3\u017cowy R22 \ud83d\udeb2&nbsp;Kands to polska marka rowerowa znana z produkcji solidnych i przyst\u0119pnych cenowo rower\u00f3w miejskich, trekkingowych, g\u00f3rskich, gravelowych, BMX, DIRT ciesz\u0105cych si\u0119 popularno\u015bci\u0105 w\u015br\u00f3d u\u017cytkownik\u00f3w szukaj\u0105cych niezawodnych jedno\u015blad\u00f3w na r\u00f3\u017cne potrzeby produkowanych w Polsce. R\u00f3wnie\u017c jest importerem wielu akcesorii rowerowych.&nbsp;\ud83d\udeb2 \u2195\ufe0fRama 15&quot; na wzrost 140&hellip;","_links":{"self":[{"href":"https:\/\/zelmari.shop\/ro64\/wp-json\/wp\/v2\/product\/14415","targetHints":{"allow":["GET"]}}],"collection":[{"href":"https:\/\/zelmari.shop\/ro64\/wp-json\/wp\/v2\/product"}],"about":[{"href":"https:\/\/zelmari.shop\/ro64\/wp-json\/wp\/v2\/types\/product"}],"wp:featuredmedia":[{"embeddable":true,"href":"https:\/\/zelmari.shop\/ro64\/wp-json\/wp\/v2\/media\/14416"}],"wp:attachment":[{"href":"https:\/\/zelmari.shop\/ro64\/wp-json\/wp\/v2\/media?parent=14415"}],"wp:term":[{"taxonomy":"product_brand","embeddable":true,"href":"https:\/\/zelmari.shop\/ro64\/wp-json\/wp\/v2\/product_brand?post=14415"},{"taxonomy":"product_cat","embeddable":true,"href":"https:\/\/zelmari.shop\/ro64\/wp-json\/wp\/v2\/product_cat?post=14415"},{"taxonomy":"product_tag","embeddable":true,"href":"https:\/\/zelmari.shop\/ro64\/wp-json\/wp\/v2\/product_tag?post=14415"}],"curies":[{"name":"wp","href":"https:\/\/api.w.org\/{rel}","templated":true}]}}