{"id":14421,"date":"2026-02-26T04:36:18","date_gmt":"2026-02-26T03:36:18","guid":{"rendered":"https:\/\/rowermax.shop\/ro64\/produkt\/rower-trekkingowy-wheeler-tour-1-m-rama-56-cm-kolo-28-czarny\/"},"modified":"2026-02-26T04:36:21","modified_gmt":"2026-02-26T03:36:21","slug":"rower-trekkingowy-wheeler-tour-1-m-rama-56-cm-kolo-28-czarny","status":"publish","type":"product","link":"https:\/\/zelmari.shop\/ro64\/produkt\/rower-trekkingowy-wheeler-tour-1-m-rama-56-cm-kolo-28-czarny\/","title":{"rendered":"Rower trekkingowy Wheeler Tour 1 M rama 56 cm ko\u0142o 28 &quot; czarny"},"content":{"rendered":"<div style=\"font-family: Arial, sans-serif; line-height: 1.6; color: #333; padding: 20px; clear: both; display: block; width: 100%; float: none; position: static; overflow: hidden;\">\n<div style=\"clear: both; display: block; margin: 10px 0;\">\n<div style=\"clear: both; display: block; margin: 10px 0;\">\n<div style=\"clear: both; display: block; margin: 10px 0;\">\n<h2>Marzysz o tym, aby podczas rowerowej przeja\u017cd\u017cki wiatr rozwiewa\u0142 Ci w\u0142osy, kiedy Ty mkniesz polnymi dr\u00f3\u017ckami? Planujesz wybra\u0107 si\u0119 na kilkudniowy (a mo\u017ce d\u0142u\u017cszy) rajd rowerem objuczonym sakwami? A mo\u017ce raczej wolisz przemieszcza\u0107 si\u0119 rowerem po mie\u015bcie? Rowery&nbsp;Wheeler Tour 1 charakteryzuje przede wszystkim wygoda i komfort dla rowerzysty.<\/h2>\n<\/div>\n<\/div>\n<\/div>\n<div style=\"clear: both; display: block; margin: 10px 0;\">\n<div style=\"clear: both; display: block; margin: 10px 0;\">\n<div style=\"clear: both; display: block; margin: 10px 0;\">\n<p style=\"margin: 15px 0; line-height: 1.8; clear: both; display: block; width: 100%; float: none; position: static;\">DANE TECHNICZNE<\/p>\n<ul style=\"margin: 15px 0; padding-left: 20px; clear: both; display: block; width: 100%; float: none; position: static;\">\n<li style=\"margin: 5px 0; padding: 2px 0; clear: both; display: list-item; float: none; position: static;\"><b>RAMA:<\/b><\/li>\n<li style=\"margin: 5px 0; padding: 2px 0; clear: both; display: list-item; float: none; position: static;\"><b>Rozmiar:<\/b> 56 CM<\/li>\n<li style=\"margin: 5px 0; padding: 2px 0; clear: both; display: list-item; float: none; position: static;\"><b>Rama:<\/b> ALUMINIUM 6061 MAT<\/li>\n<li style=\"margin: 5px 0; padding: 2px 0; clear: both; display: list-item; float: none; position: static;\"><b>Widelec:<\/b> AMORTYZOWANY,SPINNER ODESA 700C, SKOK 63mm<\/li>\n<li style=\"margin: 5px 0; padding: 2px 0; clear: both; display: list-item; float: none; position: static;\"><b>NAP\u0118D:<\/b><\/li>\n<li style=\"margin: 5px 0; padding: 2px 0; clear: both; display: list-item; float: none; position: static;\"><b>Przerzutka prz\u00f3d:<\/b> SHIMANO ALTUS FD-M310<\/li>\n<li style=\"margin: 5px 0; padding: 2px 0; clear: both; display: list-item; float: none; position: static;\"><b>Przerzutka ty\u0142:<\/b> SHIMANO ACERA RD-M360<\/li>\n<li style=\"margin: 5px 0; padding: 2px 0; clear: both; display: list-item; float: none; position: static;\"><b>Manetki:<\/b> SHIMANO SL-M315<\/li>\n<li style=\"margin: 5px 0; padding: 2px 0; clear: both; display: list-item; float: none; position: static;\"><b>Korba suportowa:<\/b> SHIMANO FC-TY301, 48*38*28<\/li>\n<li style=\"margin: 5px 0; padding: 2px 0; clear: both; display: list-item; float: none; position: static;\"><b>\u0141a\u0144cuch:<\/b> KMC<\/li>\n<li style=\"margin: 5px 0; padding: 2px 0; clear: both; display: list-item; float: none; position: static;\"><b>Kaseta\/Wolnobieg:<\/b> KASETA SHIMANO CS-HG-200<\/li>\n<li style=\"margin: 5px 0; padding: 2px 0; clear: both; display: list-item; float: none; position: static;\"><b>\u015arodek suportu:<\/b> SHIMANO BB-UN101<\/li>\n<li style=\"margin: 5px 0; padding: 2px 0; clear: both; display: list-item; float: none; position: static;\"><b>Ilo\u015b\u0107 prze\u0142o\u017ce\u0144:<\/b> 24<\/li>\n<li style=\"margin: 5px 0; padding: 2px 0; clear: both; display: list-item; float: none; position: static;\"><b>KO\u0141A:<\/b><\/li>\n<li style=\"margin: 5px 0; padding: 2px 0; clear: both; display: list-item; float: none; position: static;\"><b>Rozmiar k\u00f3\u0142:<\/b> 28\u201d<\/li>\n<li style=\"margin: 5px 0; padding: 2px 0; clear: both; display: list-item; float: none; position: static;\"><b>Obr\u0119cz:<\/b> WHEELER<\/li>\n<li style=\"margin: 5px 0; padding: 2px 0; clear: both; display: list-item; float: none; position: static;\"><b>Piasta prz\u00f3d:<\/b> FORMULA<\/li>\n<li style=\"margin: 5px 0; padding: 2px 0; clear: both; display: list-item; float: none; position: static;\"><b>Piasta ty\u0142:<\/b> FORMULA<\/li>\n<li style=\"margin: 5px 0; padding: 2px 0; clear: both; display: list-item; float: none; position: static;\"><b>Opony:<\/b> CST 700\/40C<\/li>\n<li style=\"margin: 5px 0; padding: 2px 0; clear: both; display: list-item; float: none; position: static;\"><b>KOMPONENTY:<\/b><\/li>\n<li style=\"margin: 5px 0; padding: 2px 0; clear: both; display: list-item; float: none; position: static;\"><b>Hamulec prz\u00f3d:<\/b> HYDRAULICZNE, ALHONGA,&nbsp; 160MM<\/li>\n<li style=\"margin: 5px 0; padding: 2px 0; clear: both; display: list-item; float: none; position: static;\"><b>Hamulec ty\u0142:<\/b> HYDRAULICZNE, ALHONGA,&nbsp; 160MM<\/li>\n<li style=\"margin: 5px 0; padding: 2px 0; clear: both; display: list-item; float: none; position: static;\"><b>Kierownica:<\/b> WHEELER<\/li>\n<li style=\"margin: 5px 0; padding: 2px 0; clear: both; display: list-item; float: none; position: static;\"><b>Ster:<\/b> NECO, 1 1\/8&#8243;<\/li>\n<li style=\"margin: 5px 0; padding: 2px 0; clear: both; display: list-item; float: none; position: static;\"><b>Wspornik kierownicy:<\/b> REGULOWANY<\/li>\n<li style=\"margin: 5px 0; padding: 2px 0; clear: both; display: list-item; float: none; position: static;\"><b>Siod\u0142o:<\/b> WHEELER<\/li>\n<li style=\"margin: 5px 0; padding: 2px 0; clear: both; display: list-item; float: none; position: static;\"><b>Peda\u0142y:<\/b> TAK<\/li>\n<li style=\"margin: 5px 0; padding: 2px 0; clear: both; display: list-item; float: none; position: static;\"><b>Sztyca:<\/b> AMORTYZOWANA<\/li>\n<li style=\"margin: 5px 0; padding: 2px 0; clear: both; display: list-item; float: none; position: static;\"><b>Podp\u00f3rka:<\/b> TAK<\/li>\n<li style=\"margin: 5px 0; padding: 2px 0; clear: both; display: list-item; float: none; position: static;\"><b>Baga\u017cnik:<\/b> TAK<\/li>\n<li style=\"margin: 5px 0; padding: 2px 0; clear: both; display: list-item; float: none; position: static;\"><b>B\u0142otniki:<\/b> TAK<\/li>\n<li style=\"margin: 5px 0; padding: 2px 0; clear: both; display: list-item; float: none; position: static;\"><b>O\u015bwietlenie:<\/b> TAK<\/li>\n<li style=\"margin: 5px 0; padding: 2px 0; clear: both; display: list-item; float: none; position: static;\"><b>Dzwonek:<\/b> TAK<\/li>\n<li style=\"margin: 5px 0; padding: 2px 0; clear: both; display: list-item; float: none; position: static;\"><b>Os\u0142ona \u0142a\u0144cucha:<\/b> TAK<\/li>\n<li style=\"margin: 5px 0; padding: 2px 0; clear: both; display: list-item; float: none; position: static;\"><b>Waga:<\/b> 17 KG<\/li>\n<\/ul>\n<\/div>\n<\/div>\n<\/div>\n<\/div>\n<\/div>\n<\/div>\n<div style=\"clear: both; display: block; margin: 10px 0;\">\n","protected":false},"excerpt":{"rendered":"<p>Marzysz o tym, aby podczas rowerowej przeja\u017cd\u017cki wiatr rozwiewa\u0142 Ci w\u0142osy, kiedy Ty mkniesz polnymi dr\u00f3\u017ckami? Planujesz wybra\u0107 si\u0119 na kilkudniowy (a mo\u017ce d\u0142u\u017cszy) rajd rowerem objuczonym sakwami? A mo\u017ce raczej wolisz przemieszcza\u0107 si\u0119 rowerem po mie\u015bcie? Rowery&nbsp;Wheeler Tour 1 charakteryzuje przede wszystkim wygoda i komfort dla rowerzysty.<\/p>\n<p>DANE TECHNICZNE<\/p>\n<p>RAMA:<\/p>\n<p>Rozmiar: 56 CM<\/p>\n<p>Rama: ALUMINIUM 6061 MAT<\/p>\n<p>Widelec: AMORTYZOWANY,SPINNER ODESA 700C, SKOK 63mm<\/p>\n<p>NAP\u0118D:<\/p>\n<p>Przerzutka prz\u00f3d: SHIMANO ALTUS FD-M310<\/p>\n","protected":false},"featured_media":14422,"template":"","meta":{"_uag_custom_page_level_css":""},"product_brand":[723],"product_cat":[688,687,724],"product_tag":[],"class_list":{"0":"post-14421","1":"product","2":"type-product","3":"status-publish","4":"has-post-thumbnail","6":"product_brand-wheeler","7":"product_cat-rowery","8":"product_cat-rowery-i-akcesoria","9":"product_cat-trekkingowe","11":"first","12":"instock","13":"sale","14":"shipping-taxable","15":"purchasable","16":"product-type-simple"},"uagb_featured_image_src":{"full":["https:\/\/zelmari.shop\/ro64\/wp-content\/uploads\/2026\/02\/allegro-image-14421.jpg",2500,1666,false],"thumbnail":["https:\/\/zelmari.shop\/ro64\/wp-content\/uploads\/2026\/02\/allegro-image-14421-150x150.jpg",150,150,true],"medium":["https:\/\/zelmari.shop\/ro64\/wp-content\/uploads\/2026\/02\/allegro-image-14421-300x200.jpg",300,200,true],"medium_large":["https:\/\/zelmari.shop\/ro64\/wp-content\/uploads\/2026\/02\/allegro-image-14421-768x512.jpg",768,512,true],"large":["https:\/\/zelmari.shop\/ro64\/wp-content\/uploads\/2026\/02\/allegro-image-14421-1024x682.jpg",1024,682,true],"1536x1536":["https:\/\/zelmari.shop\/ro64\/wp-content\/uploads\/2026\/02\/allegro-image-14421-1536x1024.jpg",1536,1024,true],"2048x2048":["https:\/\/zelmari.shop\/ro64\/wp-content\/uploads\/2026\/02\/allegro-image-14421-2048x1365.jpg",2048,1365,true],"woocommerce_thumbnail":["https:\/\/zelmari.shop\/ro64\/wp-content\/uploads\/2026\/02\/allegro-image-14421-300x300.jpg",300,300,true],"woocommerce_single":["https:\/\/zelmari.shop\/ro64\/wp-content\/uploads\/2026\/02\/allegro-image-14421-600x400.jpg",600,400,true],"woocommerce_gallery_thumbnail":["https:\/\/zelmari.shop\/ro64\/wp-content\/uploads\/2026\/02\/allegro-image-14421-100x100.jpg",100,100,true]},"uagb_author_info":{"display_name":"admin","author_link":"https:\/\/zelmari.shop\/ro64\/author\/"},"uagb_comment_info":0,"uagb_excerpt":"Marzysz o tym, aby podczas rowerowej przeja\u017cd\u017cki wiatr rozwiewa\u0142 Ci w\u0142osy, kiedy Ty mkniesz polnymi dr\u00f3\u017ckami? Planujesz wybra\u0107 si\u0119 na kilkudniowy (a mo\u017ce d\u0142u\u017cszy) rajd rowerem objuczonym sakwami? A mo\u017ce raczej wolisz przemieszcza\u0107 si\u0119 rowerem po mie\u015bcie? Rowery&nbsp;Wheeler Tour 1 charakteryzuje przede wszystkim wygoda i komfort dla rowerzysty. DANE TECHNICZNE RAMA: Rozmiar: 56 CM Rama:&hellip;","_links":{"self":[{"href":"https:\/\/zelmari.shop\/ro64\/wp-json\/wp\/v2\/product\/14421","targetHints":{"allow":["GET"]}}],"collection":[{"href":"https:\/\/zelmari.shop\/ro64\/wp-json\/wp\/v2\/product"}],"about":[{"href":"https:\/\/zelmari.shop\/ro64\/wp-json\/wp\/v2\/types\/product"}],"wp:featuredmedia":[{"embeddable":true,"href":"https:\/\/zelmari.shop\/ro64\/wp-json\/wp\/v2\/media\/14422"}],"wp:attachment":[{"href":"https:\/\/zelmari.shop\/ro64\/wp-json\/wp\/v2\/media?parent=14421"}],"wp:term":[{"taxonomy":"product_brand","embeddable":true,"href":"https:\/\/zelmari.shop\/ro64\/wp-json\/wp\/v2\/product_brand?post=14421"},{"taxonomy":"product_cat","embeddable":true,"href":"https:\/\/zelmari.shop\/ro64\/wp-json\/wp\/v2\/product_cat?post=14421"},{"taxonomy":"product_tag","embeddable":true,"href":"https:\/\/zelmari.shop\/ro64\/wp-json\/wp\/v2\/product_tag?post=14421"}],"curies":[{"name":"wp","href":"https:\/\/api.w.org\/{rel}","templated":true}]}}