{"id":14461,"date":"2026-02-26T04:36:54","date_gmt":"2026-02-26T03:36:54","guid":{"rendered":"https:\/\/rowermax.shop\/ro64\/produkt\/rower-crossowy-unibike-flash-gts-21-2025\/"},"modified":"2026-02-26T04:36:56","modified_gmt":"2026-02-26T03:36:56","slug":"rower-crossowy-unibike-flash-gts-21-2025","status":"publish","type":"product","link":"https:\/\/mexqivo.shop\/ro64\/produkt\/rower-crossowy-unibike-flash-gts-21-2025\/","title":{"rendered":"Rower crossowy Unibike Flash GTS 21 2025"},"content":{"rendered":"<div style=\"font-family: Arial, sans-serif; line-height: 1.6; color: #333; padding: 20px; clear: both; display: block; width: 100%; float: none; position: static; overflow: hidden;\">\n<div style=\"clear: both; display: block; margin: 10px 0;\">\n<div style=\"clear: both; display: block; margin: 10px 0;\">\n<div style=\"clear: both; display: block; margin: 10px 0;\">\n<div  style=\"max-width:2560px;max-height:1741px\">\n<div style=\"clear: both; display: block; margin: 10px 0;\">\n<div style=\"clear: both; width: 100%; display: block; margin: 20px 0; padding: 0; float: none; position: static; text-align: center;\"><img decoding=\"async\"  src=\"https:\/\/a.allegroimg.com\/original\/113d40\/b8776f54471d95ceb086a73dd2e9\/Rower-crossowy-Unibike-Flash-GTS-21-2025\" srcset=\"https:\/\/a.allegroimg.com\/original\/113d40\/b8776f54471d95ceb086a73dd2e9\/Rower-crossowy-Unibike-Flash-GTS-21-2025 360w,https:\/\/a.allegroimg.com\/original\/113d40\/b8776f54471d95ceb086a73dd2e9\/Rower-crossowy-Unibike-Flash-GTS-21-2025 720w,https:\/\/a.allegroimg.com\/original\/113d40\/b8776f54471d95ceb086a73dd2e9\/Rower-crossowy-Unibike-Flash-GTS-21-2025 1024w,https:\/\/a.allegroimg.com\/original\/113d40\/b8776f54471d95ceb086a73dd2e9\/Rower-crossowy-Unibike-Flash-GTS-21-2025 1440w,https:\/\/a.allegroimg.com\/original\/113d40\/b8776f54471d95ceb086a73dd2e9\/Rower-crossowy-Unibike-Flash-GTS-21-2025 2560w\" sizes=\"100vw\" width=\"2560px\" alt=\"Rower crossowy Unibike Flash GTS 21 2025\" style=\"max-width: 100%; height: auto; display: block; margin: 0 auto;\"><\/div>\n<\/div>\n<\/div>\n<\/div>\n<\/div>\n<\/div>\n<div style=\"clear: both; display: block; margin: 10px 0;\">\n<div style=\"clear: both; display: block; margin: 10px 0;\">\n<div style=\"clear: both; display: block; margin: 10px 0;\">\n<h3 style=\"color: #2c5aa0; font-size: 18px; margin: 30px 0 15px 0; font-weight: bold; clear: both; display: block; width: 100%; float: none; position: static;\">Unibike Flash GTS MESKI 21 GRAFITOWY<\/h3>\n<h3 style=\"color: #2c5aa0; font-size: 18px; margin: 30px 0 15px 0; font-weight: bold; clear: both; display: block; width: 100%; float: none; position: static;\">Stan: fabrycznie nowy<\/h3>\n<h3 style=\"color: #2c5aa0; font-size: 18px; margin: 30px 0 15px 0; font-weight: bold; clear: both; display: block; width: 100%; float: none; position: static;\">Rower z gwarancj\u0105 producenta 2 lata!<\/h3>\n<h3 style=\"color: #2c5aa0; font-size: 18px; margin: 30px 0 15px 0; font-weight: bold; clear: both; display: block; width: 100%; float: none; position: static;\">FLASH GTS to rower crossowy stworzony dla tych, kt\u00f3rzy szukaj\u0105 uniwersalnego po\u0142\u0105czenia dynamiki i komfortu. Lekka aluminiowa rama zapewnia doskona\u0142\u0105 zwrotno\u015b\u0107, a wydajny nap\u0119d Shimano gwarantuje p\u0142ynn\u0105 jazd\u0119 zar\u00f3wno po asfalcie, jak i le\u015bnych \u015bcie\u017ckach. Amortyzowany widelec poprawia komfort na nier\u00f3wno\u015bciach, a nowoczesny design sprawia, \u017ce prezentuje si\u0119 r\u00f3wnie dobrze, jak je\u017adzi. To rower, kt\u00f3ry idealnie dopasuje si\u0119 do Twojego stylu i pozwoli cieszy\u0107 si\u0119 ka\u017cd\u0105 tras\u0105<\/h3>\n<\/div>\n<\/div>\n<div style=\"clear: both; display: block; margin: 10px 0;\">\n<div style=\"clear: both; display: block; margin: 10px 0;\">\n<div  style=\"max-width:200px;max-height:180px\">\n<div style=\"clear: both; display: block; margin: 10px 0;\">\n<div style=\"clear: both; width: 100%; display: block; margin: 20px 0; padding: 0; float: none; position: static; text-align: center;\"><img decoding=\"async\"  src=\"https:\/\/a.allegroimg.com\/original\/1156a1\/04bd95d74aa6a49fcf335c423938\/Rower-crossowy-Unibike-Flash-GTS-21-2025-EAN-GTIN-5906022873231\" srcset=\"https:\/\/a.allegroimg.com\/original\/1156a1\/04bd95d74aa6a49fcf335c423938\/Rower-crossowy-Unibike-Flash-GTS-21-2025-EAN-GTIN-5906022873231 200w,https:\/\/a.allegroimg.com\/original\/1156a1\/04bd95d74aa6a49fcf335c423938\/Rower-crossowy-Unibike-Flash-GTS-21-2025-EAN-GTIN-5906022873231 200w\" sizes=\"(min-width: 1200px) 560px, (min-width: 992px) 50vw, 100vw\" width=\"200px\" alt=\"Rower crossowy Unibike Flash GTS 21 2025 EAN (GTIN) 5906022873231\" style=\"max-width: 100%; height: auto; display: block; margin: 0 auto;\"><\/div>\n<\/div>\n<\/div>\n<\/div>\n<\/div>\n<\/div>\n<div style=\"clear: both; display: block; margin: 10px 0;\">\n<div style=\"clear: both; display: block; margin: 10px 0;\">\n<div style=\"clear: both; display: block; margin: 10px 0;\">\n<h2>Specyfikacja<\/h2>\n<h3 style=\"color: #2c5aa0; font-size: 18px; margin: 30px 0 15px 0; font-weight: bold; clear: both; display: block; width: 100%; float: none; position: static;\">Rama<\/h3>\n<p style=\"margin: 15px 0; line-height: 1.8; clear: both; display: block; width: 100%; float: none; position: static;\">Rama:<\/p>\n<p style=\"margin: 15px 0; line-height: 1.8; clear: both; display: block; width: 100%; float: none; position: static;\">700C \/ ALU 6061-T6 \/ 17&#8243;, 19&#8243;, 21&#8243;, 23&#8243;<\/p>\n<p style=\"margin: 15px 0; line-height: 1.8; clear: both; display: block; width: 100%; float: none; position: static;\">Komplet sterowy:<\/p>\n<p style=\"margin: 15px 0; line-height: 1.8; clear: both; display: block; width: 100%; float: none; position: static;\">AHEAD FSA NO.10 \/ 1-1\/8&#8243; \/ WEWN\u0118TRZNY<\/p>\n<p style=\"margin: 15px 0; line-height: 1.8; clear: both; display: block; width: 100%; float: none; position: static;\">Widelec przedni:<\/p>\n<p style=\"margin: 15px 0; line-height: 1.8; clear: both; display: block; width: 100%; float: none; position: static;\">SR SUNTOUR NEX \/ SKOK 63MM<\/p>\n<h3 style=\"color: #2c5aa0; font-size: 18px; margin: 30px 0 15px 0; font-weight: bold; clear: both; display: block; width: 100%; float: none; position: static;\">Nap\u0119d<\/h3>\n<p style=\"margin: 15px 0; line-height: 1.8; clear: both; display: block; width: 100%; float: none; position: static;\">Mechanizm korbowy:<\/p>\n<p style=\"margin: 15px 0; line-height: 1.8; clear: both; display: block; width: 100%; float: none; position: static;\">SHIMANO TY501-2 \/ 46X30T \/ OS\u0141ONA<\/p>\n<p style=\"margin: 15px 0; line-height: 1.8; clear: both; display: block; width: 100%; float: none; position: static;\">Suport:<\/p>\n<p style=\"margin: 15px 0; line-height: 1.8; clear: both; display: block; width: 100%; float: none; position: static;\">SHIMANO UN101<\/p>\n<p style=\"margin: 15px 0; line-height: 1.8; clear: both; display: block; width: 100%; float: none; position: static;\">Przerzutka przednia<\/p>\n<p style=\"margin: 15px 0; line-height: 1.8; clear: both; display: block; width: 100%; float: none; position: static;\">SHIMANO TOURNEY TY606<\/p>\n<p style=\"margin: 15px 0; line-height: 1.8; clear: both; display: block; width: 100%; float: none; position: static;\">Przerzutka tylna<\/p>\n<p style=\"margin: 15px 0; line-height: 1.8; clear: both; display: block; width: 100%; float: none; position: static;\">SHIMANO ACERA M3020-8<\/p>\n<p style=\"margin: 15px 0; line-height: 1.8; clear: both; display: block; width: 100%; float: none; position: static;\">D\u017awignie przerzutek:<\/p>\n<p style=\"margin: 15px 0; line-height: 1.8; clear: both; display: block; width: 100%; float: none; position: static;\">SHIMANO M315<\/p>\n<p style=\"margin: 15px 0; line-height: 1.8; clear: both; display: block; width: 100%; float: none; position: static;\">\u0141a\u0144cuch:<\/p>\n<p style=\"margin: 15px 0; line-height: 1.8; clear: both; display: block; width: 100%; float: none; position: static;\">KMC Z8.3<\/p>\n<p style=\"margin: 15px 0; line-height: 1.8; clear: both; display: block; width: 100%; float: none; position: static;\">Liczba bieg\u00f3w:<\/p>\n<p style=\"margin: 15px 0; line-height: 1.8; clear: both; display: block; width: 100%; float: none; position: static;\">16<\/p>\n<p style=\"margin: 15px 0; line-height: 1.8; clear: both; display: block; width: 100%; float: none; position: static;\">Kaseta\/wolnobieg<\/p>\n<p style=\"margin: 15px 0; line-height: 1.8; clear: both; display: block; width: 100%; float: none; position: static;\">SHIMANO HG31 \/ 11-34T<\/p>\n<h3 style=\"color: #2c5aa0; font-size: 18px; margin: 30px 0 15px 0; font-weight: bold; clear: both; display: block; width: 100%; float: none; position: static;\">Ko\u0142a<\/h3>\n<p style=\"margin: 15px 0; line-height: 1.8; clear: both; display: block; width: 100%; float: none; position: static;\">Piasty:<\/p>\n<p style=\"margin: 15px 0; line-height: 1.8; clear: both; display: block; width: 100%; float: none; position: static;\">SHIMANO QC300 \/ 32H<\/p>\n<p style=\"margin: 15px 0; line-height: 1.8; clear: both; display: block; width: 100%; float: none; position: static;\">Obr\u0119cze:<\/p>\n<p style=\"margin: 15px 0; line-height: 1.8; clear: both; display: block; width: 100%; float: none; position: static;\">JHT \/ DISC \/ ZAKUWKI \/ CZARNE<\/p>\n<p style=\"margin: 15px 0; line-height: 1.8; clear: both; display: block; width: 100%; float: none; position: static;\">Szprychy:<\/p>\n<p style=\"margin: 15px 0; line-height: 1.8; clear: both; display: block; width: 100%; float: none; position: static;\">RICHMAN \/ UCP \/ CZARNE<\/p>\n<p style=\"margin: 15px 0; line-height: 1.8; clear: both; display: block; width: 100%; float: none; position: static;\">Opona przednia\/tylna:<\/p>\n<p style=\"margin: 15px 0; line-height: 1.8; clear: both; display: block; width: 100%; float: none; position: static;\">SCHWALBE SMART SAM \/ 28X1.65<\/p>\n<p style=\"margin: 15px 0; line-height: 1.8; clear: both; display: block; width: 100%; float: none; position: static;\">D\u0119tka:<\/p>\n<p style=\"margin: 15px 0; line-height: 1.8; clear: both; display: block; width: 100%; float: none; position: static;\">IMPAC \/ AV<\/p>\n<h3 style=\"color: #2c5aa0; font-size: 18px; margin: 30px 0 15px 0; font-weight: bold; clear: both; display: block; width: 100%; float: none; position: static;\">Hamulce<\/h3>\n<p style=\"margin: 15px 0; line-height: 1.8; clear: both; display: block; width: 100%; float: none; position: static;\">Hamulce:<\/p>\n<p style=\"margin: 15px 0; line-height: 1.8; clear: both; display: block; width: 100%; float: none; position: static;\">SHIMANO MT200 (DISC BRAKE)<\/p>\n<p style=\"margin: 15px 0; line-height: 1.8; clear: both; display: block; width: 100%; float: none; position: static;\">D\u017awignie hamulca:<\/p>\n<p style=\"margin: 15px 0; line-height: 1.8; clear: both; display: block; width: 100%; float: none; position: static;\">SHIMANO MT200<\/p>\n<h3 style=\"color: #2c5aa0; font-size: 18px; margin: 30px 0 15px 0; font-weight: bold; clear: both; display: block; width: 100%; float: none; position: static;\">Komponenty<\/h3>\n<p style=\"margin: 15px 0; line-height: 1.8; clear: both; display: block; width: 100%; float: none; position: static;\">B\u0142otniki:<\/p>\n<p style=\"margin: 15px 0; line-height: 1.8; clear: both; display: block; width: 100%; float: none; position: static;\">&#8211;<\/p>\n<p style=\"margin: 15px 0; line-height: 1.8; clear: both; display: block; width: 100%; float: none; position: static;\">Peda\u0142y:<\/p>\n<p style=\"margin: 15px 0; line-height: 1.8; clear: both; display: block; width: 100%; float: none; position: static;\">UNION \/ ALUMINIOWY KORPUS I RAMKA<\/p>\n<p style=\"margin: 15px 0; line-height: 1.8; clear: both; display: block; width: 100%; float: none; position: static;\">Kierownica:<\/p>\n<p style=\"margin: 15px 0; line-height: 1.8; clear: both; display: block; width: 100%; float: none; position: static;\">ZOOM \/ RISER \/ 31.8MM<\/p>\n<p style=\"margin: 15px 0; line-height: 1.8; clear: both; display: block; width: 100%; float: none; position: static;\">Wspornik kierownicy:<\/p>\n<p style=\"margin: 15px 0; line-height: 1.8; clear: both; display: block; width: 100%; float: none; position: static;\">AHEAD COMFORT \/ REGULOWANY \/ 31.8MM<\/p>\n<p style=\"margin: 15px 0; line-height: 1.8; clear: both; display: block; width: 100%; float: none; position: static;\">Chwyty kierownicy:<\/p>\n<p style=\"margin: 15px 0; line-height: 1.8; clear: both; display: block; width: 100%; float: none; position: static;\">DDK ERGONOMIC \/ LOCK<\/p>\n<p style=\"margin: 15px 0; line-height: 1.8; clear: both; display: block; width: 100%; float: none; position: static;\">Wspornik siod\u0142a:<\/p>\n<p style=\"margin: 15px 0; line-height: 1.8; clear: both; display: block; width: 100%; float: none; position: static;\">UNO GRADE OE<\/p>\n<p style=\"margin: 15px 0; line-height: 1.8; clear: both; display: block; width: 100%; float: none; position: static;\">Siod\u0142o:<\/p>\n<p style=\"margin: 15px 0; line-height: 1.8; clear: both; display: block; width: 100%; float: none; position: static;\">SELLE ROYAL ESSENZA \/ ROYAL GEL<\/p>\n<p style=\"margin: 15px 0; line-height: 1.8; clear: both; display: block; width: 100%; float: none; position: static;\">Podp\u00f3rka:<\/p>\n<p style=\"margin: 15px 0; line-height: 1.8; clear: both; display: block; width: 100%; float: none; position: static;\">STANDWELL \/ ALU \/ REGULOWANA<\/p>\n<p style=\"margin: 15px 0; line-height: 1.8; clear: both; display: block; width: 100%; float: none; position: static;\">Baga\u017cnik:<\/p>\n<p style=\"margin: 15px 0; line-height: 1.8; clear: both; display: block; width: 100%; float: none; position: static;\">&#8211;<\/p>\n<p style=\"margin: 15px 0; line-height: 1.8; clear: both; display: block; width: 100%; float: none; position: static;\">O\u015bwietlenie:<\/p>\n<p style=\"margin: 15px 0; line-height: 1.8; clear: both; display: block; width: 100%; float: none; position: static;\">&#8211;<\/p>\n<p style=\"margin: 15px 0; line-height: 1.8; clear: both; display: block; width: 100%; float: none; position: static;\">Inne:<\/p>\n<p style=\"margin: 15px 0; line-height: 1.8; clear: both; display: block; width: 100%; float: none; position: static;\">DZWONEK<\/p>\n<h3 style=\"color: #2c5aa0; font-size: 18px; margin: 30px 0 15px 0; font-weight: bold; clear: both; display: block; width: 100%; float: none; position: static;\">Pozosta\u0142e informacje<\/h3>\n<p style=\"margin: 15px 0; line-height: 1.8; clear: both; display: block; width: 100%; float: none; position: static;\">Waga:<\/p>\n<p style=\"margin: 15px 0; line-height: 1.8; clear: both; display: block; width: 100%; float: none; position: static;\">14.8 kg<\/p>\n<\/div>\n<\/div>\n<\/div>\n<div style=\"clear: both; display: block; margin: 10px 0;\">\n<div style=\"clear: both; display: block; margin: 10px 0;\">\n<div style=\"clear: both; display: block; margin: 10px 0;\">\n<div  style=\"max-width:2560px;max-height:1741px\">\n<div style=\"clear: both; display: block; margin: 10px 0;\">\n<div style=\"clear: both; width: 100%; display: block; margin: 20px 0; padding: 0; float: none; position: static; text-align: center;\"><img decoding=\"async\"  src=\"https:\/\/a.allegroimg.com\/original\/113d40\/b8776f54471d95ceb086a73dd2e9\/Rower-crossowy-Unibike-Flash-GTS-21-2025\" srcset=\"https:\/\/a.allegroimg.com\/original\/113d40\/b8776f54471d95ceb086a73dd2e9\/Rower-crossowy-Unibike-Flash-GTS-21-2025 360w,https:\/\/a.allegroimg.com\/original\/113d40\/b8776f54471d95ceb086a73dd2e9\/Rower-crossowy-Unibike-Flash-GTS-21-2025 720w,https:\/\/a.allegroimg.com\/original\/113d40\/b8776f54471d95ceb086a73dd2e9\/Rower-crossowy-Unibike-Flash-GTS-21-2025 1024w,https:\/\/a.allegroimg.com\/original\/113d40\/b8776f54471d95ceb086a73dd2e9\/Rower-crossowy-Unibike-Flash-GTS-21-2025 1440w,https:\/\/a.allegroimg.com\/original\/113d40\/b8776f54471d95ceb086a73dd2e9\/Rower-crossowy-Unibike-Flash-GTS-21-2025 2560w\" sizes=\"100vw\" width=\"2560px\" alt=\"Rower crossowy Unibike Flash GTS 21 2025\" style=\"max-width: 100%; height: auto; display: block; margin: 0 auto;\"><\/div>\n<\/div>\n<\/div>\n<\/div>\n<\/div>\n<\/div>\n<\/div>\n<\/div>\n<\/div>\n<div style=\"clear: both; display: block; margin: 10px 0;\">\n","protected":false},"excerpt":{"rendered":"<p>Unibike Flash GTS MESKI 21 GRAFITOWY<\/p>\n<p>Stan: fabrycznie nowy<\/p>\n<p>Rower z gwarancj\u0105 producenta 2 lata!<\/p>\n<p>FLASH GTS to rower crossowy stworzony dla tych, kt\u00f3rzy szukaj\u0105 uniwersalnego po\u0142\u0105czenia dynamiki i komfortu. Lekka aluminiowa rama zapewnia doskona\u0142\u0105 zwrotno\u015b\u0107, a wydajny nap\u0119d Shimano gwarantuje p\u0142ynn\u0105 jazd\u0119 zar\u00f3wno po asfalcie, jak i le\u015bnych \u015bcie\u017ckach. Amortyzowany widelec poprawia komfort na nier\u00f3wno\u015bciach, a nowoczesny design sprawia, \u017ce prezentuje si\u0119 r\u00f3wnie dobrze, jak je\u017adzi. To rower, kt\u00f3ry idealnie dopasuje si\u0119 do Twojego stylu i pozwoli cieszy\u0107 si\u0119 ka\u017cd\u0105 tras\u0105<\/p>\n","protected":false},"featured_media":14462,"template":"","meta":{"_uag_custom_page_level_css":""},"product_brand":[727],"product_cat":[725,688,687],"product_tag":[],"class_list":{"0":"post-14461","1":"product","2":"type-product","3":"status-publish","4":"has-post-thumbnail","6":"product_brand-unibike","7":"product_cat-crossowe","8":"product_cat-rowery","9":"product_cat-rowery-i-akcesoria","11":"first","12":"instock","13":"sale","14":"shipping-taxable","15":"purchasable","16":"product-type-simple"},"uagb_featured_image_src":{"full":["https:\/\/mexqivo.shop\/ro64\/wp-content\/uploads\/2026\/02\/allegro-image-14461.jpg",2560,1741,false],"thumbnail":["https:\/\/mexqivo.shop\/ro64\/wp-content\/uploads\/2026\/02\/allegro-image-14461-150x150.jpg",150,150,true],"medium":["https:\/\/mexqivo.shop\/ro64\/wp-content\/uploads\/2026\/02\/allegro-image-14461-300x204.jpg",300,204,true],"medium_large":["https:\/\/mexqivo.shop\/ro64\/wp-content\/uploads\/2026\/02\/allegro-image-14461-768x522.jpg",768,522,true],"large":["https:\/\/mexqivo.shop\/ro64\/wp-content\/uploads\/2026\/02\/allegro-image-14461-1024x696.jpg",1024,696,true],"1536x1536":["https:\/\/mexqivo.shop\/ro64\/wp-content\/uploads\/2026\/02\/allegro-image-14461-1536x1045.jpg",1536,1045,true],"2048x2048":["https:\/\/mexqivo.shop\/ro64\/wp-content\/uploads\/2026\/02\/allegro-image-14461-2048x1393.jpg",2048,1393,true],"woocommerce_thumbnail":["https:\/\/mexqivo.shop\/ro64\/wp-content\/uploads\/2026\/02\/allegro-image-14461-300x300.jpg",300,300,true],"woocommerce_single":["https:\/\/mexqivo.shop\/ro64\/wp-content\/uploads\/2026\/02\/allegro-image-14461-600x408.jpg",600,408,true],"woocommerce_gallery_thumbnail":["https:\/\/mexqivo.shop\/ro64\/wp-content\/uploads\/2026\/02\/allegro-image-14461-100x100.jpg",100,100,true]},"uagb_author_info":{"display_name":"admin","author_link":"https:\/\/mexqivo.shop\/ro64\/author\/"},"uagb_comment_info":0,"uagb_excerpt":"Unibike Flash GTS MESKI 21 GRAFITOWY Stan: fabrycznie nowy Rower z gwarancj\u0105 producenta 2 lata! FLASH GTS to rower crossowy stworzony dla tych, kt\u00f3rzy szukaj\u0105 uniwersalnego po\u0142\u0105czenia dynamiki i komfortu. Lekka aluminiowa rama zapewnia doskona\u0142\u0105 zwrotno\u015b\u0107, a wydajny nap\u0119d Shimano gwarantuje p\u0142ynn\u0105 jazd\u0119 zar\u00f3wno po asfalcie, jak i le\u015bnych \u015bcie\u017ckach. Amortyzowany widelec poprawia komfort na&hellip;","_links":{"self":[{"href":"https:\/\/mexqivo.shop\/ro64\/wp-json\/wp\/v2\/product\/14461","targetHints":{"allow":["GET"]}}],"collection":[{"href":"https:\/\/mexqivo.shop\/ro64\/wp-json\/wp\/v2\/product"}],"about":[{"href":"https:\/\/mexqivo.shop\/ro64\/wp-json\/wp\/v2\/types\/product"}],"wp:featuredmedia":[{"embeddable":true,"href":"https:\/\/mexqivo.shop\/ro64\/wp-json\/wp\/v2\/media\/14462"}],"wp:attachment":[{"href":"https:\/\/mexqivo.shop\/ro64\/wp-json\/wp\/v2\/media?parent=14461"}],"wp:term":[{"taxonomy":"product_brand","embeddable":true,"href":"https:\/\/mexqivo.shop\/ro64\/wp-json\/wp\/v2\/product_brand?post=14461"},{"taxonomy":"product_cat","embeddable":true,"href":"https:\/\/mexqivo.shop\/ro64\/wp-json\/wp\/v2\/product_cat?post=14461"},{"taxonomy":"product_tag","embeddable":true,"href":"https:\/\/mexqivo.shop\/ro64\/wp-json\/wp\/v2\/product_tag?post=14461"}],"curies":[{"name":"wp","href":"https:\/\/api.w.org\/{rel}","templated":true}]}}