{"id":14560,"date":"2026-02-26T04:38:04","date_gmt":"2026-02-26T03:38:04","guid":{"rendered":"https:\/\/rowermax.shop\/ro64\/produkt\/rower-dzieciecy-yupii-20-2025-zielony\/"},"modified":"2026-02-26T04:38:06","modified_gmt":"2026-02-26T03:38:06","slug":"rower-dzieciecy-yupii-20-2025-zielony","status":"publish","type":"product","link":"https:\/\/zelmari.shop\/ro64\/produkt\/rower-dzieciecy-yupii-20-2025-zielony\/","title":{"rendered":"ROWER DZIECI\u0118CY YUPII 20 2025 &#8211; ZIELONY"},"content":{"rendered":"<div style=\"font-family: Arial, sans-serif; line-height: 1.6; color: #333; padding: 20px; clear: both; display: block; width: 100%; float: none; position: static; overflow: hidden;\">\n<div style=\"clear: both; display: block; margin: 10px 0;\">\n<div style=\"clear: both; display: block; margin: 10px 0;\">\n<div style=\"clear: both; display: block; margin: 10px 0;\">\n<div  style=\"max-width:2560px;max-height:1687px\">\n<div style=\"clear: both; display: block; margin: 10px 0;\">\n<div style=\"clear: both; width: 100%; display: block; margin: 20px 0; padding: 0; float: none; position: static; text-align: center;\"><img decoding=\"async\"  src=\"https:\/\/a.allegroimg.com\/original\/118b0a\/26993f4b43a88e342679291e5260\/ROWER-DZIECIECY-YUPII-20-2025-ZIELONY\" srcset=\"https:\/\/a.allegroimg.com\/original\/118b0a\/26993f4b43a88e342679291e5260\/ROWER-DZIECIECY-YUPII-20-2025-ZIELONY 360w,https:\/\/a.allegroimg.com\/original\/118b0a\/26993f4b43a88e342679291e5260\/ROWER-DZIECIECY-YUPII-20-2025-ZIELONY 720w,https:\/\/a.allegroimg.com\/original\/118b0a\/26993f4b43a88e342679291e5260\/ROWER-DZIECIECY-YUPII-20-2025-ZIELONY 1024w,https:\/\/a.allegroimg.com\/original\/118b0a\/26993f4b43a88e342679291e5260\/ROWER-DZIECIECY-YUPII-20-2025-ZIELONY 1440w,https:\/\/a.allegroimg.com\/original\/118b0a\/26993f4b43a88e342679291e5260\/ROWER-DZIECIECY-YUPII-20-2025-ZIELONY 2560w\" sizes=\"(min-width: 1200px) 560px, (min-width: 992px) 50vw, 100vw\" width=\"2560px\" alt=\"ROWER DZIECI\u0118CY YUPII 20 2025 - ZIELONY\" style=\"max-width: 100%; height: auto; display: block; margin: 0 auto;\"><\/div>\n<\/div>\n<\/div>\n<\/div>\n<\/div>\n<div style=\"clear: both; display: block; margin: 10px 0;\">\n<div style=\"clear: both; display: block; margin: 10px 0;\">\n<h2>Rower dzieci\u0119cy Yupii 20 2025 &#8211; zielony<\/h2>\n<ul style=\"margin: 15px 0; padding-left: 20px; clear: both; display: block; width: 100%; float: none; position: static;\">\n<li style=\"margin: 5px 0; padding: 2px 0; clear: both; display: list-item; float: none; position: static;\"><b>Kolor:<\/b> zielony<\/li>\n<li style=\"margin: 5px 0; padding: 2px 0; clear: both; display: list-item; float: none; position: static;\"><b>Rozmiar ko\u0142a:<\/b> 20\u201d<\/li>\n<\/ul>\n<\/div>\n<\/div>\n<\/div>\n<div style=\"clear: both; display: block; margin: 10px 0;\">\n<div style=\"clear: both; display: block; margin: 10px 0;\">\n<div style=\"clear: both; display: block; margin: 10px 0;\">\n<h1>OPIS:<\/h1>\n<p style=\"margin: 15px 0; line-height: 1.8; clear: both; display: block; width: 100%; float: none; position: static;\">Rower dzieci\u0119cy Yupii 20 to doskona\u0142y wyb\u00f3r dla m\u0142odych mi\u0142o\u015bnik\u00f3w dw\u00f3ch k\u00f3\u0142ek. Zaprojektowany z my\u015bl\u0105 o bezpiecze\u0144stwie i komforcie, sprawdzi si\u0119 zar\u00f3wno dla ch\u0142opc\u00f3w, jak i dziewczynek. Model na rok 2025 z ko\u0142ami o \u015brednicy 20 cali charakteryzuje si\u0119 nowoczesnymi rozwi\u0105zaniami technicznymi, kt\u00f3re u\u0142atwiaj\u0105 jazd\u0119 i zapewniaj\u0105 przyjemno\u015b\u0107 z ka\u017cdego peda\u0142owania.<\/p>\n<p style=\"margin: 15px 0; line-height: 1.8; clear: both; display: block; width: 100%; float: none; position: static;\">Dzi\u0119ki 8-biegowej przerzutce Shimano RD-M310 Altus, jazda jest p\u0142ynna i dostosowana do r\u00f3\u017cnych warunk\u00f3w terenowych. Aluminiowy mechanizm korbowy z os\u0142on\u0105 \u0142a\u0144cucha zwi\u0119ksza bezpiecze\u0144stwo, a ergonomiczne chwyty i siod\u0142o junior zapewniaj\u0105 wygodn\u0105 pozycj\u0119 podczas jazdy. Rower wyposa\u017cony jest w ultralight potr\u00f3jnie cieniowany widelec, co dodatkowo wp\u0142ywa na jego lekko\u015b\u0107 i zwrotno\u015b\u0107.<\/p>\n<p style=\"margin: 15px 0; line-height: 1.8; clear: both; display: block; width: 100%; float: none; position: static;\">Hamulce aluminiowe V-brake gwarantuj\u0105 skuteczne dzia\u0142anie, a lekkie, aluminiowe obr\u0119cze z 24 szprychami s\u0105 odporne na uszkodzenia. Opony o niskich oporach toczenia 20\u201d x 1,5\u201d wspieraj\u0105 efektywno\u015b\u0107 jazdy, co sprawia, \u017ce ma\u0142y rowerzysta mo\u017ce z \u0142atwo\u015bci\u0105 pokonywa\u0107 r\u00f3\u017cne dystanse.<\/p>\n<p style=\"margin: 15px 0; line-height: 1.8; clear: both; display: block; width: 100%; float: none; position: static;\">Pomimo niewielkiej wagi wynosz\u0105cej tylko 7,7 kg, Rower dzieci\u0119cy Yupii 20 jest wyj\u0105tkowo wytrzyma\u0142y i gotowy na wszelkie przygody. Regulowany wspornik kierownicy pozwala na dostosowanie wysoko\u015bci do potrzeb rosn\u0105cego dziecka, co sprawia, \u017ce jest to inwestycja na lata. Wybierz rower, kt\u00f3ry nie tylko cieszy oko w kolorze zielonym, ale tak\u017ce dostarcza rado\u015bci z ka\u017cdej przeja\u017cd\u017cki. Zainwestuj w bezpiecze\u0144stwo i aktywno\u015b\u0107 swojego dziecka ju\u017c dzi\u015b.<\/p>\n<\/div>\n<\/div>\n<\/div>\n<div style=\"clear: both; display: block; margin: 10px 0;\">\n<div style=\"clear: both; display: block; margin: 10px 0;\">\n<div style=\"clear: both; display: block; margin: 10px 0;\">\n<h1>DANE TECHNICZNE:<\/h1>\n<ul style=\"margin: 15px 0; padding-left: 20px; clear: both; display: block; width: 100%; float: none; position: static;\">\n<li style=\"margin: 5px 0; padding: 2px 0; clear: both; display: list-item; float: none; position: static;\"><b>Dla kogo:<\/b> Ch\u0142opiec, Dziewczynka<\/li>\n<li style=\"margin: 5px 0; padding: 2px 0; clear: both; display: list-item; float: none; position: static;\"><b>Ko\u0142a::<\/b> 20\u201d<\/li>\n<li style=\"margin: 5px 0; padding: 2px 0; clear: both; display: list-item; float: none; position: static;\"><b>Widelec\/amortyzator przedni::<\/b> Ultralight potr\u00f3jnie cieniowane<\/li>\n<li style=\"margin: 5px 0; padding: 2px 0; clear: both; display: list-item; float: none; position: static;\"><b>Mechanizm korbowy::<\/b> Aluminiowy, os\u0142ona \u0142a\u0144cucha<\/li>\n<li style=\"margin: 5px 0; padding: 2px 0; clear: both; display: list-item; float: none; position: static;\"><b>Manetki::<\/b> Shimano SL-RS45-8R, TOURNEY, 8-SPEED REVO SHIFTER<\/li>\n<li style=\"margin: 5px 0; padding: 2px 0; clear: both; display: list-item; float: none; position: static;\"><b>Przerzutka tylna::<\/b> Shimano RD-M310, Altus, 8rz<\/li>\n<li style=\"margin: 5px 0; padding: 2px 0; clear: both; display: list-item; float: none; position: static;\"><b>Ilo\u015b\u0107 bieg\u00f3w::<\/b> 8<\/li>\n<li style=\"margin: 5px 0; padding: 2px 0; clear: both; display: list-item; float: none; position: static;\"><b>Kaseta\/wolnobieg::<\/b> Shimano CS-HG31, 8rz<\/li>\n<li style=\"margin: 5px 0; padding: 2px 0; clear: both; display: list-item; float: none; position: static;\"><b>\u0141a\u0144cuch::<\/b> 8rz<\/li>\n<li style=\"margin: 5px 0; padding: 2px 0; clear: both; display: list-item; float: none; position: static;\"><b>Hamulce::<\/b> Aluminiowe V-brake<\/li>\n<li style=\"margin: 5px 0; padding: 2px 0; clear: both; display: list-item; float: none; position: static;\"><b>Obr\u0119cze\/zestaw k\u00f3\u0142::<\/b> Aluminiowe ultralight, 24 szprychy<\/li>\n<li style=\"margin: 5px 0; padding: 2px 0; clear: both; display: list-item; float: none; position: static;\"><b>Opony::<\/b> 20\u201d x 1,5\u201d o niskich oporach toczenia<\/li>\n<li style=\"margin: 5px 0; padding: 2px 0; clear: both; display: list-item; float: none; position: static;\"><b>Wspornik kierownicy::<\/b> Aluminiowy, regulowany<\/li>\n<li style=\"margin: 5px 0; padding: 2px 0; clear: both; display: list-item; float: none; position: static;\"><b>Kierownica::<\/b> Ultralight, podw\u00f3jnie cieniowane<\/li>\n<li style=\"margin: 5px 0; padding: 2px 0; clear: both; display: list-item; float: none; position: static;\"><b>Chwyty::<\/b> Ergonomiczne<\/li>\n<li style=\"margin: 5px 0; padding: 2px 0; clear: both; display: list-item; float: none; position: static;\"><b>Wspornik siod\u0142a::<\/b> Aluminiowy, 25.4 x 220mm<\/li>\n<li style=\"margin: 5px 0; padding: 2px 0; clear: both; display: list-item; float: none; position: static;\"><b>Siod\u0142o::<\/b> Ergonomiczne, junior<\/li>\n<li style=\"margin: 5px 0; padding: 2px 0; clear: both; display: list-item; float: none; position: static;\"><b>Peda\u0142y::<\/b> Platformowe<\/li>\n<li style=\"margin: 5px 0; padding: 2px 0; clear: both; display: list-item; float: none; position: static;\"><b>Waga::<\/b> 7,7 kg<\/li>\n<li style=\"margin: 5px 0; padding: 2px 0; clear: both; display: list-item; float: none; position: static;\"><b>INDEKS:<\/b> R39500conf<\/li>\n<\/ul>\n<\/div>\n<\/div>\n<\/div>\n<div style=\"clear: both; display: block; margin: 10px 0;\">\n<div style=\"clear: both; display: block; margin: 10px 0;\">\n<div style=\"clear: both; display: block; margin: 10px 0;\">\n<h1>GALERIA:<\/h1>\n<\/div>\n<\/div>\n<\/div>\n<div style=\"clear: both; display: block; margin: 10px 0;\">\n<div style=\"clear: both; display: block; margin: 10px 0;\">\n<div style=\"clear: both; display: block; margin: 10px 0;\">\n<div  style=\"max-width:2560px;max-height:1687px\">\n<div style=\"clear: both; display: block; margin: 10px 0;\">\n<div style=\"clear: both; width: 100%; display: block; margin: 20px 0; padding: 0; float: none; position: static; text-align: center;\"><img decoding=\"async\"  src=\"https:\/\/a.allegroimg.com\/original\/118b0a\/26993f4b43a88e342679291e5260\/ROWER-DZIECIECY-YUPII-20-2025-ZIELONY\" srcset=\"https:\/\/a.allegroimg.com\/original\/118b0a\/26993f4b43a88e342679291e5260\/ROWER-DZIECIECY-YUPII-20-2025-ZIELONY 360w,https:\/\/a.allegroimg.com\/original\/118b0a\/26993f4b43a88e342679291e5260\/ROWER-DZIECIECY-YUPII-20-2025-ZIELONY 720w,https:\/\/a.allegroimg.com\/original\/118b0a\/26993f4b43a88e342679291e5260\/ROWER-DZIECIECY-YUPII-20-2025-ZIELONY 1024w,https:\/\/a.allegroimg.com\/original\/118b0a\/26993f4b43a88e342679291e5260\/ROWER-DZIECIECY-YUPII-20-2025-ZIELONY 1440w,https:\/\/a.allegroimg.com\/original\/118b0a\/26993f4b43a88e342679291e5260\/ROWER-DZIECIECY-YUPII-20-2025-ZIELONY 2560w\" sizes=\"100vw\" width=\"2560px\" alt=\"ROWER DZIECI\u0118CY YUPII 20 2025 - ZIELONY\" style=\"max-width: 100%; height: auto; display: block; margin: 0 auto;\"><\/div>\n<\/div>\n<\/div>\n<\/div>\n<\/div>\n<\/div>\n<div style=\"clear: both; display: block; margin: 10px 0;\">\n<div style=\"clear: both; display: block; margin: 10px 0;\">\n<div style=\"clear: both; display: block; margin: 10px 0;\">\n<div  style=\"max-width:2560px;max-height:1687px\">\n<div style=\"clear: both; display: block; margin: 10px 0;\">\n<div style=\"clear: both; width: 100%; display: block; margin: 20px 0; padding: 0; float: none; position: static; text-align: center;\"><img decoding=\"async\"  src=\"https:\/\/a.allegroimg.com\/original\/11c554\/cbf0d2114d37a5dc1a4cb3fa54aa\/ROWER-DZIECIECY-YUPII-20-2025-ZIELONY-EAN-GTIN-5906112204822\" srcset=\"https:\/\/a.allegroimg.com\/original\/11c554\/cbf0d2114d37a5dc1a4cb3fa54aa\/ROWER-DZIECIECY-YUPII-20-2025-ZIELONY-EAN-GTIN-5906112204822 360w,https:\/\/a.allegroimg.com\/original\/11c554\/cbf0d2114d37a5dc1a4cb3fa54aa\/ROWER-DZIECIECY-YUPII-20-2025-ZIELONY-EAN-GTIN-5906112204822 720w,https:\/\/a.allegroimg.com\/original\/11c554\/cbf0d2114d37a5dc1a4cb3fa54aa\/ROWER-DZIECIECY-YUPII-20-2025-ZIELONY-EAN-GTIN-5906112204822 1024w,https:\/\/a.allegroimg.com\/original\/11c554\/cbf0d2114d37a5dc1a4cb3fa54aa\/ROWER-DZIECIECY-YUPII-20-2025-ZIELONY-EAN-GTIN-5906112204822 1440w,https:\/\/a.allegroimg.com\/original\/11c554\/cbf0d2114d37a5dc1a4cb3fa54aa\/ROWER-DZIECIECY-YUPII-20-2025-ZIELONY-EAN-GTIN-5906112204822 2560w\" sizes=\"100vw\" width=\"2560px\" alt=\"ROWER DZIECI\u0118CY YUPII 20 2025 - ZIELONY EAN (GTIN) 5906112204822\" style=\"max-width: 100%; height: auto; display: block; margin: 0 auto;\"><\/div>\n<\/div>\n<\/div>\n<\/div>\n<\/div>\n<\/div>\n<div style=\"clear: both; display: block; margin: 10px 0;\">\n<div style=\"clear: both; display: block; margin: 10px 0;\">\n<div style=\"clear: both; display: block; margin: 10px 0;\">\n<div  style=\"max-width:1240px;max-height:1240px\">\n<div style=\"clear: both; display: block; margin: 10px 0;\">\n<div style=\"clear: both; width: 100%; display: block; margin: 20px 0; padding: 0; float: none; position: static; text-align: center;\"><img decoding=\"async\"  src=\"https:\/\/a.allegroimg.com\/original\/11bc01\/37e739f543b7971a2c326b417ebb\/ROWER-DZIECIECY-YUPII-20-2025-ZIELONY-Kod-producenta-ROWERYUPII20ZIELONY\" srcset=\"https:\/\/a.allegroimg.com\/original\/11bc01\/37e739f543b7971a2c326b417ebb\/ROWER-DZIECIECY-YUPII-20-2025-ZIELONY-Kod-producenta-ROWERYUPII20ZIELONY 360w,https:\/\/a.allegroimg.com\/original\/11bc01\/37e739f543b7971a2c326b417ebb\/ROWER-DZIECIECY-YUPII-20-2025-ZIELONY-Kod-producenta-ROWERYUPII20ZIELONY 720w,https:\/\/a.allegroimg.com\/original\/11bc01\/37e739f543b7971a2c326b417ebb\/ROWER-DZIECIECY-YUPII-20-2025-ZIELONY-Kod-producenta-ROWERYUPII20ZIELONY 1024w,https:\/\/a.allegroimg.com\/original\/11bc01\/37e739f543b7971a2c326b417ebb\/ROWER-DZIECIECY-YUPII-20-2025-ZIELONY-Kod-producenta-ROWERYUPII20ZIELONY 1240w,https:\/\/a.allegroimg.com\/original\/11bc01\/37e739f543b7971a2c326b417ebb\/ROWER-DZIECIECY-YUPII-20-2025-ZIELONY-Kod-producenta-ROWERYUPII20ZIELONY 1240w\" sizes=\"(min-width: 1200px) 560px, (min-width: 992px) 50vw, 100vw\" width=\"1240px\" alt=\"ROWER DZIECI\u0118CY YUPII 20 2025 - ZIELONY Kod producenta ROWERYUPII20ZIELONY\" style=\"max-width: 100%; height: auto; display: block; margin: 0 auto;\"><\/div>\n<\/div>\n<\/div>\n<\/div>\n<\/div>\n<div style=\"clear: both; display: block; margin: 10px 0;\">\n<div style=\"clear: both; display: block; margin: 10px 0;\">\n<div  style=\"max-width:1240px;max-height:1240px\">\n<div style=\"clear: both; display: block; margin: 10px 0;\">\n<div style=\"clear: both; width: 100%; display: block; margin: 20px 0; padding: 0; float: none; position: static; text-align: center;\"><img decoding=\"async\"  src=\"https:\/\/a.allegroimg.com\/original\/11ea5e\/f67d9f47496b8d9147095be33982\/ROWER-DZIECIECY-YUPII-20-2025-ZIELONY-Marka-Yupii\" srcset=\"https:\/\/a.allegroimg.com\/original\/11ea5e\/f67d9f47496b8d9147095be33982\/ROWER-DZIECIECY-YUPII-20-2025-ZIELONY-Marka-Yupii 360w,https:\/\/a.allegroimg.com\/original\/11ea5e\/f67d9f47496b8d9147095be33982\/ROWER-DZIECIECY-YUPII-20-2025-ZIELONY-Marka-Yupii 720w,https:\/\/a.allegroimg.com\/original\/11ea5e\/f67d9f47496b8d9147095be33982\/ROWER-DZIECIECY-YUPII-20-2025-ZIELONY-Marka-Yupii 1024w,https:\/\/a.allegroimg.com\/original\/11ea5e\/f67d9f47496b8d9147095be33982\/ROWER-DZIECIECY-YUPII-20-2025-ZIELONY-Marka-Yupii 1240w,https:\/\/a.allegroimg.com\/original\/11ea5e\/f67d9f47496b8d9147095be33982\/ROWER-DZIECIECY-YUPII-20-2025-ZIELONY-Marka-Yupii 1240w\" sizes=\"(min-width: 1200px) 560px, (min-width: 992px) 50vw, 100vw\" width=\"1240px\" alt=\"ROWER DZIECI\u0118CY YUPII 20 2025 - ZIELONY Marka Yupii\" style=\"max-width: 100%; height: auto; display: block; margin: 0 auto;\"><\/div>\n<\/div>\n<\/div>\n<\/div>\n<\/div>\n<\/div>\n<div style=\"clear: both; display: block; margin: 10px 0;\">\n<div style=\"clear: both; display: block; margin: 10px 0;\">\n<div style=\"clear: both; display: block; margin: 10px 0;\">\n<div  style=\"max-width:495px;max-height:1200px\">\n<div style=\"clear: both; display: block; margin: 10px 0;\">\n<div style=\"clear: both; width: 100%; display: block; margin: 20px 0; padding: 0; float: none; position: static; text-align: center;\"><img decoding=\"async\"  src=\"https:\/\/a.allegroimg.com\/original\/11f93f\/ce06c0e348998260a54fe45b413a\/ROWER-DZIECIECY-YUPII-20-2025-ZIELONY-Rozmiar-ramy-10-cali\" srcset=\"https:\/\/a.allegroimg.com\/original\/11f93f\/ce06c0e348998260a54fe45b413a\/ROWER-DZIECIECY-YUPII-20-2025-ZIELONY-Rozmiar-ramy-10-cali 148w,https:\/\/a.allegroimg.com\/original\/11f93f\/ce06c0e348998260a54fe45b413a\/ROWER-DZIECIECY-YUPII-20-2025-ZIELONY-Rozmiar-ramy-10-cali 297w,https:\/\/a.allegroimg.com\/original\/11f93f\/ce06c0e348998260a54fe45b413a\/ROWER-DZIECIECY-YUPII-20-2025-ZIELONY-Rozmiar-ramy-10-cali 422w,https:\/\/a.allegroimg.com\/original\/11f93f\/ce06c0e348998260a54fe45b413a\/ROWER-DZIECIECY-YUPII-20-2025-ZIELONY-Rozmiar-ramy-10-cali 495w,https:\/\/a.allegroimg.com\/original\/11f93f\/ce06c0e348998260a54fe45b413a\/ROWER-DZIECIECY-YUPII-20-2025-ZIELONY-Rozmiar-ramy-10-cali 495w\" sizes=\"100vw\" width=\"495px\" alt=\"ROWER DZIECI\u0118CY YUPII 20 2025 - ZIELONY Rozmiar ramy 10 cali\" style=\"max-width: 100%; height: auto; display: block; margin: 0 auto;\"><\/div>\n<\/div>\n<\/div>\n<\/div>\n<\/div>\n<\/div>\n<div style=\"clear: both; display: block; margin: 10px 0;\">\n<div style=\"clear: both; display: block; margin: 10px 0;\">\n<div style=\"clear: both; display: block; margin: 10px 0;\">\n<h1>UWAGA !<\/h1>\n<p style=\"margin: 15px 0; line-height: 1.8; clear: both; display: block; width: 100%; float: none; position: static;\"><b>Rower wysy\u0142any jest w standardowej wersji pakowania STANDARDpack &#8211;&nbsp;<\/b>rower do samodzielnego monta\u017cu i regulacji. Opakowanie posiada oryginalne zabezpieczenia producenta wzbogacone o dodatkowe wype\u0142nienia, w miejscach najbardziej nara\u017conych na uszkodzenie. Po rozpakowaniu rower wymaga przykr\u0119cenia przedniego ko\u0142a, kierownicy, peda\u0142\u00f3w, siode\u0142ka oraz doregulowania nap\u0119du i hamulc\u00f3w. Ten standard proponujemy rowerzystom, kt\u00f3rzy potrafi\u0105 przygotowa\u0107 rower do jazdy. Przy zakupie roweru zalecamy dokupienie kluczy do monta\u017cu, kt\u00f3re znacz\u0105co u\u0142atwi\u0105 monta\u017c roweru. W innym przypadku proponujemy wizyt\u0119 w lokalnym serwisie rowerowym lub wyb\u00f3r innej formy pakowania.<\/p>\n<\/div>\n<\/div>\n<\/div>\n<\/div>\n<\/div>\n<\/div>\n<div style=\"clear: both; display: block; margin: 10px 0;\">\n","protected":false},"excerpt":{"rendered":"<p>Rower dzieci\u0119cy Yupii 20 2025 &#8211; zielony<\/p>\n<p>Kolor: zielony<\/p>\n<p>Rozmiar ko\u0142a: 20\u201d<\/p>\n<p>OPIS:<\/p>\n<p>Rower dzieci\u0119cy Yupii 20 to doskona\u0142y wyb\u00f3r dla m\u0142odych mi\u0142o\u015bnik\u00f3w dw\u00f3ch k\u00f3\u0142ek. Zaprojektowany z my\u015bl\u0105 o bezpiecze\u0144stwie i komforcie, sprawdzi si\u0119 zar\u00f3wno dla ch\u0142opc\u00f3w, jak i dziewczynek. Model na rok 2025 z ko\u0142ami o \u015brednicy 20 cali charakteryzuje si\u0119 nowoczesnymi rozwi\u0105zaniami technicznymi, kt\u00f3re u\u0142atwiaj\u0105 jazd\u0119 i zapewniaj\u0105 przyjemno\u015b\u0107 z ka\u017cdego peda\u0142owania.<\/p>\n","protected":false},"featured_media":14561,"template":"","meta":{"_uag_custom_page_level_css":""},"product_brand":[737],"product_cat":[728,688,729,687],"product_tag":[],"class_list":{"0":"post-14560","1":"product","2":"type-product","3":"status-publish","4":"has-post-thumbnail","6":"product_brand-yupii","7":"product_cat-mtb-gorskie","8":"product_cat-rowery","9":"product_cat-rowery-enduro-trail","10":"product_cat-rowery-i-akcesoria","12":"first","13":"instock","14":"sale","15":"shipping-taxable","16":"purchasable","17":"product-type-simple"},"uagb_featured_image_src":{"full":["https:\/\/zelmari.shop\/ro64\/wp-content\/uploads\/2026\/02\/allegro-image-14560.jpg",2560,1687,false],"thumbnail":["https:\/\/zelmari.shop\/ro64\/wp-content\/uploads\/2026\/02\/allegro-image-14560-150x150.jpg",150,150,true],"medium":["https:\/\/zelmari.shop\/ro64\/wp-content\/uploads\/2026\/02\/allegro-image-14560-300x198.jpg",300,198,true],"medium_large":["https:\/\/zelmari.shop\/ro64\/wp-content\/uploads\/2026\/02\/allegro-image-14560-768x506.jpg",768,506,true],"large":["https:\/\/zelmari.shop\/ro64\/wp-content\/uploads\/2026\/02\/allegro-image-14560-1024x675.jpg",1024,675,true],"1536x1536":["https:\/\/zelmari.shop\/ro64\/wp-content\/uploads\/2026\/02\/allegro-image-14560-1536x1012.jpg",1536,1012,true],"2048x2048":["https:\/\/zelmari.shop\/ro64\/wp-content\/uploads\/2026\/02\/allegro-image-14560-2048x1350.jpg",2048,1350,true],"woocommerce_thumbnail":["https:\/\/zelmari.shop\/ro64\/wp-content\/uploads\/2026\/02\/allegro-image-14560-300x300.jpg",300,300,true],"woocommerce_single":["https:\/\/zelmari.shop\/ro64\/wp-content\/uploads\/2026\/02\/allegro-image-14560-600x395.jpg",600,395,true],"woocommerce_gallery_thumbnail":["https:\/\/zelmari.shop\/ro64\/wp-content\/uploads\/2026\/02\/allegro-image-14560-100x100.jpg",100,100,true]},"uagb_author_info":{"display_name":"admin","author_link":"https:\/\/zelmari.shop\/ro64\/author\/"},"uagb_comment_info":0,"uagb_excerpt":"Rower dzieci\u0119cy Yupii 20 2025 - zielony Kolor: zielony Rozmiar ko\u0142a: 20\u201d OPIS: Rower dzieci\u0119cy Yupii 20 to doskona\u0142y wyb\u00f3r dla m\u0142odych mi\u0142o\u015bnik\u00f3w dw\u00f3ch k\u00f3\u0142ek. Zaprojektowany z my\u015bl\u0105 o bezpiecze\u0144stwie i komforcie, sprawdzi si\u0119 zar\u00f3wno dla ch\u0142opc\u00f3w, jak i dziewczynek. Model na rok 2025 z ko\u0142ami o \u015brednicy 20 cali charakteryzuje si\u0119 nowoczesnymi rozwi\u0105zaniami technicznymi,&hellip;","_links":{"self":[{"href":"https:\/\/zelmari.shop\/ro64\/wp-json\/wp\/v2\/product\/14560","targetHints":{"allow":["GET"]}}],"collection":[{"href":"https:\/\/zelmari.shop\/ro64\/wp-json\/wp\/v2\/product"}],"about":[{"href":"https:\/\/zelmari.shop\/ro64\/wp-json\/wp\/v2\/types\/product"}],"wp:featuredmedia":[{"embeddable":true,"href":"https:\/\/zelmari.shop\/ro64\/wp-json\/wp\/v2\/media\/14561"}],"wp:attachment":[{"href":"https:\/\/zelmari.shop\/ro64\/wp-json\/wp\/v2\/media?parent=14560"}],"wp:term":[{"taxonomy":"product_brand","embeddable":true,"href":"https:\/\/zelmari.shop\/ro64\/wp-json\/wp\/v2\/product_brand?post=14560"},{"taxonomy":"product_cat","embeddable":true,"href":"https:\/\/zelmari.shop\/ro64\/wp-json\/wp\/v2\/product_cat?post=14560"},{"taxonomy":"product_tag","embeddable":true,"href":"https:\/\/zelmari.shop\/ro64\/wp-json\/wp\/v2\/product_tag?post=14560"}],"curies":[{"name":"wp","href":"https:\/\/api.w.org\/{rel}","templated":true}]}}