{"id":14638,"date":"2026-02-26T04:38:52","date_gmt":"2026-02-26T03:38:52","guid":{"rendered":"https:\/\/rowermax.shop\/ro64\/produkt\/rower-elektryczny-miejski-rama-aluminium-18-cali-kolo-275cal-czarny-250w\/"},"modified":"2026-02-26T04:38:55","modified_gmt":"2026-02-26T03:38:55","slug":"rower-elektryczny-miejski-rama-aluminium-18-cali-kolo-275cal-czarny-250w","status":"publish","type":"product","link":"https:\/\/zelmari.shop\/ro64\/produkt\/rower-elektryczny-miejski-rama-aluminium-18-cali-kolo-275cal-czarny-250w\/","title":{"rendered":"Rower Elektryczny Miejski Rama Aluminium 18&quot; Cali Ko\u0142o 27,5&quot;Cal Czarny 250W"},"content":{"rendered":"<div style=\"font-family: Arial, sans-serif; line-height: 1.6; color: #333; padding: 20px; clear: both; display: block; width: 100%; float: none; position: static; overflow: hidden;\">\n<div style=\"clear: both; display: block; margin: 10px 0;\">\n<div style=\"clear: both; display: block; margin: 10px 0;\">\n<div style=\"clear: both; display: block; margin: 10px 0;\">\n<h1>\u2b50 Rower elektryczny MTB 27,5&#8243; \u2013 zasi\u0119g a\u017c do 125 km i 8-biegowa przek\u0142adnia dla komfortowej jazdy \u2b50<\/h1>\n<h2>\u27a1\ufe0f Rower elektryczny terenowy z akumulatorem 15 Ah, ostatnie sztuki w tej cenie<\/h2>\n<p style=\"margin: 15px 0; line-height: 1.8; clear: both; display: block; width: 100%; float: none; position: static;\">\u2705 <b>Rozmiar k\u00f3\u0142:<\/b> 27,5 cala<\/p>\n<p style=\"margin: 15px 0; line-height: 1.8; clear: both; display: block; width: 100%; float: none; position: static;\">\u2705 <b>Silnik:<\/b> 250 W, wspomaganie elektryczne<\/p>\n<p style=\"margin: 15px 0; line-height: 1.8; clear: both; display: block; width: 100%; float: none; position: static;\">\u2705 <b>Bateria:<\/b> 15 Ah (540 Wh), zasi\u0119g do 125 km<\/p>\n<p style=\"margin: 15px 0; line-height: 1.8; clear: both; display: block; width: 100%; float: none; position: static;\">\u2705 <b>Przerzutki:<\/b> 8-biegowa przek\u0142adnia<\/p>\n<p style=\"margin: 15px 0; line-height: 1.8; clear: both; display: block; width: 100%; float: none; position: static;\">\u2705 <b>Hamulce:<\/b> tarczowe mechaniczne<\/p>\n<\/div>\n<\/div>\n<\/div>\n<div style=\"clear: both; display: block; margin: 10px 0;\">\n<div style=\"clear: both; display: block; margin: 10px 0;\">\n<div style=\"clear: both; display: block; margin: 10px 0;\">\n<div  style=\"max-width:913px;max-height:763px\">\n<div style=\"clear: both; display: block; margin: 10px 0;\">\n<div style=\"clear: both; width: 100%; display: block; margin: 20px 0; padding: 0; float: none; position: static; text-align: center;\"><img decoding=\"async\"  src=\"https:\/\/a.allegroimg.com\/original\/11d028\/bd368b344b81903a58ad2fe08c5f\/Rower-Elektryczny-Miejski-Rama-Aluminium-18-Cali-Kolo-27-5-Cal-Czarny-250W-Stopien-zlozenia-do-samodzielnego-zlozenia-do-regulacji\" srcset=\"https:\/\/a.allegroimg.com\/original\/11d028\/bd368b344b81903a58ad2fe08c5f\/Rower-Elektryczny-Miejski-Rama-Aluminium-18-Cali-Kolo-27-5-Cal-Czarny-250W-Stopien-zlozenia-do-samodzielnego-zlozenia-do-regulacji 360w,https:\/\/a.allegroimg.com\/original\/11d028\/bd368b344b81903a58ad2fe08c5f\/Rower-Elektryczny-Miejski-Rama-Aluminium-18-Cali-Kolo-27-5-Cal-Czarny-250W-Stopien-zlozenia-do-samodzielnego-zlozenia-do-regulacji 720w,https:\/\/a.allegroimg.com\/original\/11d028\/bd368b344b81903a58ad2fe08c5f\/Rower-Elektryczny-Miejski-Rama-Aluminium-18-Cali-Kolo-27-5-Cal-Czarny-250W-Stopien-zlozenia-do-samodzielnego-zlozenia-do-regulacji 913w,https:\/\/a.allegroimg.com\/original\/11d028\/bd368b344b81903a58ad2fe08c5f\/Rower-Elektryczny-Miejski-Rama-Aluminium-18-Cali-Kolo-27-5-Cal-Czarny-250W-Stopien-zlozenia-do-samodzielnego-zlozenia-do-regulacji 913w\" sizes=\"(min-width: 1200px) 560px, (min-width: 992px) 50vw, 100vw\" width=\"913px\" alt=\"Rower Elektryczny Miejski Rama Aluminium 18&amp;quot; Cali Ko\u0142o 27,5&amp;quot;Cal Czarny 250W Stopie\u0144 z\u0142o\u017cenia do samodzielnego z\u0142o\u017cenia, do regulacji\" style=\"max-width: 100%; height: auto; display: block; margin: 0 auto;\"><\/div>\n<\/div>\n<\/div>\n<\/div>\n<\/div>\n<div style=\"clear: both; display: block; margin: 10px 0;\">\n<div style=\"clear: both; display: block; margin: 10px 0;\">\n<h1>\u2b50 Dlaczego warto wybra\u0107 ten rower?<\/h1>\n<p style=\"margin: 15px 0; line-height: 1.8; clear: both; display: block; width: 100%; float: none; position: static;\">\u27af <b>Wysoka pojemno\u015b\u0107 baterii 15 Ah<\/b> \u2013 zasi\u0119g nawet do 125 km na jednym \u0142adowaniu.<\/p>\n<p style=\"margin: 15px 0; line-height: 1.8; clear: both; display: block; width: 100%; float: none; position: static;\">\u27af <b>Mocny silnik 250 W<\/b> \u2013 wspomaga jazd\u0119 w terenie i pod g\u00f3r\u0119, zapewniaj\u0105c p\u0142ynne przyspieszenie.<\/p>\n<p style=\"margin: 15px 0; line-height: 1.8; clear: both; display: block; width: 100%; float: none; position: static;\">\u27af <b>8-biegowa przek\u0142adnia<\/b> \u2013 pozwala dostosowa\u0107 bieg do warunk\u00f3w jazdy.<\/p>\n<p style=\"margin: 15px 0; line-height: 1.8; clear: both; display: block; width: 100%; float: none; position: static;\">\u27af <b>Tarczowe hamulce<\/b> \u2013 gwarantuj\u0105 pewne zatrzymanie w ka\u017cdej sytuacji.<\/p>\n<\/div>\n<\/div>\n<\/div>\n<div style=\"clear: both; display: block; margin: 10px 0;\">\n<div style=\"clear: both; display: block; margin: 10px 0;\">\n<div style=\"clear: both; display: block; margin: 10px 0;\">\n<div  style=\"max-width:1920px;max-height:960px\">\n<div style=\"clear: both; display: block; margin: 10px 0;\">\n<div style=\"clear: both; width: 100%; display: block; margin: 20px 0; padding: 0; float: none; position: static; text-align: center;\"><img decoding=\"async\"  src=\"https:\/\/a.allegroimg.com\/original\/1109f5\/958196cd4f9384422650d51b14d6\/Rower-Elektryczny-Miejski-Rama-Aluminium-18-Cali-Kolo-27-5-Cal-Czarny-250W-Kod-producenta-30976194\" srcset=\"https:\/\/a.allegroimg.com\/original\/1109f5\/958196cd4f9384422650d51b14d6\/Rower-Elektryczny-Miejski-Rama-Aluminium-18-Cali-Kolo-27-5-Cal-Czarny-250W-Kod-producenta-30976194 360w,https:\/\/a.allegroimg.com\/original\/1109f5\/958196cd4f9384422650d51b14d6\/Rower-Elektryczny-Miejski-Rama-Aluminium-18-Cali-Kolo-27-5-Cal-Czarny-250W-Kod-producenta-30976194 720w,https:\/\/a.allegroimg.com\/original\/1109f5\/958196cd4f9384422650d51b14d6\/Rower-Elektryczny-Miejski-Rama-Aluminium-18-Cali-Kolo-27-5-Cal-Czarny-250W-Kod-producenta-30976194 1024w,https:\/\/a.allegroimg.com\/original\/1109f5\/958196cd4f9384422650d51b14d6\/Rower-Elektryczny-Miejski-Rama-Aluminium-18-Cali-Kolo-27-5-Cal-Czarny-250W-Kod-producenta-30976194 1440w,https:\/\/a.allegroimg.com\/original\/1109f5\/958196cd4f9384422650d51b14d6\/Rower-Elektryczny-Miejski-Rama-Aluminium-18-Cali-Kolo-27-5-Cal-Czarny-250W-Kod-producenta-30976194 1920w\" sizes=\"(min-width: 1200px) 560px, (min-width: 992px) 50vw, 100vw\" width=\"1920px\" alt=\"Rower Elektryczny Miejski Rama Aluminium 18&amp;quot; Cali Ko\u0142o 27,5&amp;quot;Cal Czarny 250W Kod producenta 30976194\" style=\"max-width: 100%; height: auto; display: block; margin: 0 auto;\"><\/div>\n<\/div>\n<\/div>\n<\/div>\n<\/div>\n<div style=\"clear: both; display: block; margin: 10px 0;\">\n<div style=\"clear: both; display: block; margin: 10px 0;\">\n<h1>\u2b50 Wygoda i mobilno\u015b\u0107<\/h1>\n<p style=\"margin: 15px 0; line-height: 1.8; clear: both; display: block; width: 100%; float: none; position: static;\">\u27b1 <b>Du\u017cy zasi\u0119g i lekka rama<\/b> pozwalaj\u0105 na wygodne pokonywanie d\u0142ugich dystans\u00f3w.<\/p>\n<\/div>\n<\/div>\n<\/div>\n<div style=\"clear: both; display: block; margin: 10px 0;\">\n<div style=\"clear: both; display: block; margin: 10px 0;\">\n<div style=\"clear: both; display: block; margin: 10px 0;\">\n<div  style=\"max-width:1920px;max-height:960px\">\n<div style=\"clear: both; display: block; margin: 10px 0;\">\n<div style=\"clear: both; width: 100%; display: block; margin: 20px 0; padding: 0; float: none; position: static; text-align: center;\"><img decoding=\"async\"  src=\"https:\/\/a.allegroimg.com\/original\/110d5b\/e5f51fbd43debd849089ffcf352b\/Rower-Elektryczny-Miejski-Rama-Aluminium-18-Cali-Kolo-27-5-Cal-Czarny-250W-Marka-Eleglide\" srcset=\"https:\/\/a.allegroimg.com\/original\/110d5b\/e5f51fbd43debd849089ffcf352b\/Rower-Elektryczny-Miejski-Rama-Aluminium-18-Cali-Kolo-27-5-Cal-Czarny-250W-Marka-Eleglide 360w,https:\/\/a.allegroimg.com\/original\/110d5b\/e5f51fbd43debd849089ffcf352b\/Rower-Elektryczny-Miejski-Rama-Aluminium-18-Cali-Kolo-27-5-Cal-Czarny-250W-Marka-Eleglide 720w,https:\/\/a.allegroimg.com\/original\/110d5b\/e5f51fbd43debd849089ffcf352b\/Rower-Elektryczny-Miejski-Rama-Aluminium-18-Cali-Kolo-27-5-Cal-Czarny-250W-Marka-Eleglide 1024w,https:\/\/a.allegroimg.com\/original\/110d5b\/e5f51fbd43debd849089ffcf352b\/Rower-Elektryczny-Miejski-Rama-Aluminium-18-Cali-Kolo-27-5-Cal-Czarny-250W-Marka-Eleglide 1440w,https:\/\/a.allegroimg.com\/original\/110d5b\/e5f51fbd43debd849089ffcf352b\/Rower-Elektryczny-Miejski-Rama-Aluminium-18-Cali-Kolo-27-5-Cal-Czarny-250W-Marka-Eleglide 1920w\" sizes=\"(min-width: 1200px) 560px, (min-width: 992px) 50vw, 100vw\" width=\"1920px\" alt=\"Rower Elektryczny Miejski Rama Aluminium 18&amp;quot; Cali Ko\u0142o 27,5&amp;quot;Cal Czarny 250W Marka Eleglide\" style=\"max-width: 100%; height: auto; display: block; margin: 0 auto;\"><\/div>\n<\/div>\n<\/div>\n<\/div>\n<\/div>\n<div style=\"clear: both; display: block; margin: 10px 0;\">\n<div style=\"clear: both; display: block; margin: 10px 0;\">\n<h1>\u2b50 <\/p>\n","protected":false},"excerpt":{"rendered":"<p>\u2b50 Rower elektryczny MTB 27,5&quot; \u2013 zasi\u0119g a\u017c do 125 km i 8-biegowa przek\u0142adnia dla komfortowej jazdy \u2b50<\/p>\n<p>\u27a1\ufe0f Rower elektryczny terenowy z akumulatorem 15 Ah, ostatnie sztuki w tej cenie<\/p>\n<p>\u2705 Rozmiar k\u00f3\u0142: 27,5 cala<\/p>\n<p>\u2705 Silnik: 250 W, wspomaganie elektryczne<\/p>\n<p>\u2705 Bateria: 15 Ah (540 Wh), zasi\u0119g do 125 km<\/p>\n<p>\u2705 Przerzutki: 8-biegowa przek\u0142adnia<\/p>\n<p>\u2705 Hamulce: tarczowe mechaniczne<\/p>\n<p>\u2b50 Dlaczego warto wybra\u0107 ten rower?<\/p>\n","protected":false},"featured_media":14640,"template":"","meta":{"_uag_custom_page_level_css":""},"product_brand":[753],"product_cat":[741,688,749,687],"product_tag":[],"class_list":{"0":"post-14638","1":"product","2":"type-product","3":"status-publish","4":"has-post-thumbnail","6":"product_brand-eleglide","7":"product_cat-elektryczne","8":"product_cat-rowery","9":"product_cat-rowery-elektryczne-mtb-gorskie","10":"product_cat-rowery-i-akcesoria","12":"first","13":"instock","14":"sale","15":"shipping-taxable","16":"purchasable","17":"product-type-simple"},"uagb_featured_image_src":{"full":["https:\/\/zelmari.shop\/ro64\/wp-content\/uploads\/2026\/02\/allegro-image-14638.jpg",2560,2560,false],"thumbnail":["https:\/\/zelmari.shop\/ro64\/wp-content\/uploads\/2026\/02\/allegro-image-14638-150x150.jpg",150,150,true],"medium":["https:\/\/zelmari.shop\/ro64\/wp-content\/uploads\/2026\/02\/allegro-image-14638-300x300.jpg",300,300,true],"medium_large":["https:\/\/zelmari.shop\/ro64\/wp-content\/uploads\/2026\/02\/allegro-image-14638-768x768.jpg",768,768,true],"large":["https:\/\/zelmari.shop\/ro64\/wp-content\/uploads\/2026\/02\/allegro-image-14638-1024x1024.jpg",1024,1024,true],"1536x1536":["https:\/\/zelmari.shop\/ro64\/wp-content\/uploads\/2026\/02\/allegro-image-14638-1536x1536.jpg",1536,1536,true],"2048x2048":["https:\/\/zelmari.shop\/ro64\/wp-content\/uploads\/2026\/02\/allegro-image-14638-2048x2048.jpg",2048,2048,true],"woocommerce_thumbnail":["https:\/\/zelmari.shop\/ro64\/wp-content\/uploads\/2026\/02\/allegro-image-14638-300x300.jpg",300,300,true],"woocommerce_single":["https:\/\/zelmari.shop\/ro64\/wp-content\/uploads\/2026\/02\/allegro-image-14638-600x600.jpg",600,600,true],"woocommerce_gallery_thumbnail":["https:\/\/zelmari.shop\/ro64\/wp-content\/uploads\/2026\/02\/allegro-image-14638-100x100.jpg",100,100,true]},"uagb_author_info":{"display_name":"admin","author_link":"https:\/\/zelmari.shop\/ro64\/author\/"},"uagb_comment_info":0,"uagb_excerpt":"\u2b50 Rower elektryczny MTB 27,5&quot; \u2013 zasi\u0119g a\u017c do 125 km i 8-biegowa przek\u0142adnia dla komfortowej jazdy \u2b50 \u27a1\ufe0f Rower elektryczny terenowy z akumulatorem 15 Ah, ostatnie sztuki w tej cenie \u2705 Rozmiar k\u00f3\u0142: 27,5 cala \u2705 Silnik: 250 W, wspomaganie elektryczne \u2705 Bateria: 15 Ah (540 Wh), zasi\u0119g do 125 km \u2705 Przerzutki: 8-biegowa&hellip;","_links":{"self":[{"href":"https:\/\/zelmari.shop\/ro64\/wp-json\/wp\/v2\/product\/14638","targetHints":{"allow":["GET"]}}],"collection":[{"href":"https:\/\/zelmari.shop\/ro64\/wp-json\/wp\/v2\/product"}],"about":[{"href":"https:\/\/zelmari.shop\/ro64\/wp-json\/wp\/v2\/types\/product"}],"wp:featuredmedia":[{"embeddable":true,"href":"https:\/\/zelmari.shop\/ro64\/wp-json\/wp\/v2\/media\/14640"}],"wp:attachment":[{"href":"https:\/\/zelmari.shop\/ro64\/wp-json\/wp\/v2\/media?parent=14638"}],"wp:term":[{"taxonomy":"product_brand","embeddable":true,"href":"https:\/\/zelmari.shop\/ro64\/wp-json\/wp\/v2\/product_brand?post=14638"},{"taxonomy":"product_cat","embeddable":true,"href":"https:\/\/zelmari.shop\/ro64\/wp-json\/wp\/v2\/product_cat?post=14638"},{"taxonomy":"product_tag","embeddable":true,"href":"https:\/\/zelmari.shop\/ro64\/wp-json\/wp\/v2\/product_tag?post=14638"}],"curies":[{"name":"wp","href":"https:\/\/api.w.org\/{rel}","templated":true}]}}